{"id":252,"date":"2024-05-08T22:06:23","date_gmt":"2024-05-08T22:06:23","guid":{"rendered":"https:\/\/wfc2024.akiquebec.org\/?page_id=252"},"modified":"2024-06-08T15:58:25","modified_gmt":"2024-06-08T15:58:25","slug":"tourism","status":"publish","type":"page","link":"https:\/\/wfc2024.akiquebec.org\/fr\/tourism\/","title":{"rendered":"Tourisme"},"content":{"rendered":"<p class=\"has-text-align-center has-body-font-family has-large-font-size wp-block-paragraph\" style=\"text-transform:capitalize\"><strong>Tourisme<\/strong><\/p>\n\n\n\n<figure class=\"wp-block-image size-large\"><img loading=\"lazy\" decoding=\"async\" width=\"1024\" height=\"512\" src=\"https:\/\/wfc2024.akiquebec.org\/wp-content\/uploads\/2024\/01\/36472_0-1024x512.jpg\" alt=\"\" class=\"wp-image-41\" style=\"box-shadow:var(--wp--preset--shadow--natural)\" srcset=\"https:\/\/wfc2024.akiquebec.org\/wp-content\/uploads\/2024\/01\/36472_0-1024x512.jpg 1024w, https:\/\/wfc2024.akiquebec.org\/wp-content\/uploads\/2024\/01\/36472_0-300x150.jpg 300w, https:\/\/wfc2024.akiquebec.org\/wp-content\/uploads\/2024\/01\/36472_0-768x384.jpg 768w, https:\/\/wfc2024.akiquebec.org\/wp-content\/uploads\/2024\/01\/36472_0-1536x768.jpg 1536w, https:\/\/wfc2024.akiquebec.org\/wp-content\/uploads\/2024\/01\/36472_0.jpg 1920w\" sizes=\"auto, (max-width: 1024px) 100vw, 1024px\" \/><\/figure>\n\n\n\n<p class=\"wp-block-paragraph\"><a href=\"https:\/\/www.mtl.org\/en\">Guide Touristique officiel<\/a><\/p>\n\n\n\n<p class=\"wp-block-paragraph\">Montr\u00e9al et ses alentours offrent une abondance d'activit\u00e9s \u00e0 vivre pendant les mois estivals, m\u00e9langeant les exp\u00e9riences culturelles, les activit\u00e9s de plein air et les d\u00e9couvertes culinaires.<\/p>\n\n\n\n<p class=\"wp-block-paragraph\">Restez \u00e0 l'aff\u00fbt pour des mises \u00e0 jour !<\/p>","protected":false},"excerpt":{"rendered":"<p>Tourism Official tourist guide Montreal and its surrounding areas offer an abundance of activities to enjoy during the summer months, blending cultural experiences, outdoor adventures, and culinary delights. Stay tuned for updated information !<\/p>","protected":false},"author":2,"featured_media":0,"parent":0,"menu_order":0,"comment_status":"closed","ping_status":"closed","template":"","meta":{"_crdt_document":"","footnotes":""},"class_list":["post-252","page","type-page","status-publish","hentry"],"yoast_head":"<!-- This site is optimized with the Yoast SEO plugin v27.6 - https:\/\/yoast.com\/product\/yoast-seo-wordpress\/ -->\n<title>Tourism - 43rd IFPA WORLD FOOTBAG CHAMPIONSHIPS 2024<\/title>\n<meta name=\"robots\" content=\"index, follow, max-snippet:-1, max-image-preview:large, max-video-preview:-1\" \/>\n<link rel=\"canonical\" href=\"https:\/\/wfc2024.akiquebec.org\/fr\/tourism\/\" \/>\n<meta property=\"og:locale\" content=\"fr_CA\" \/>\n<meta property=\"og:type\" content=\"article\" \/>\n<meta property=\"og:title\" content=\"Tourism - 43rd IFPA WORLD FOOTBAG CHAMPIONSHIPS 2024\" \/>\n<meta property=\"og:description\" content=\"Tourism Official tourist guide Montreal and its surrounding areas offer an abundance of activities to enjoy during the summer months, blending cultural experiences, outdoor adventures, and culinary delights. Stay tuned for updated information !\" \/>\n<meta property=\"og:url\" content=\"https:\/\/wfc2024.akiquebec.org\/fr\/tourism\/\" \/>\n<meta property=\"og:site_name\" content=\"43rd IFPA WORLD FOOTBAG CHAMPIONSHIPS 2024\" \/>\n<meta property=\"article:modified_time\" content=\"2024-06-08T15:58:25+00:00\" \/>\n<meta property=\"og:image\" content=\"https:\/\/wfc2024.akiquebec.org\/wp-content\/uploads\/2024\/01\/36472_0-1024x512.jpg\" \/>\n<meta name=\"twitter:card\" content=\"summary_large_image\" \/>\n<meta name=\"twitter:label1\" content=\"Estimation du temps de lecture\" \/>\n\t<meta name=\"twitter:data1\" content=\"5 minutes\" \/>\n<script type=\"application\/ld+json\" class=\"yoast-schema-graph\">{\"@context\":\"https:\\\/\\\/schema.org\",\"@graph\":[{\"@type\":\"WebPage\",\"@id\":\"https:\\\/\\\/wfc2024.akiquebec.org\\\/tourism\\\/\",\"url\":\"https:\\\/\\\/wfc2024.akiquebec.org\\\/tourism\\\/\",\"name\":\"Tourism - 43rd IFPA WORLD FOOTBAG CHAMPIONSHIPS 2024\",\"isPartOf\":{\"@id\":\"https:\\\/\\\/wfc2024.akiquebec.org\\\/#website\"},\"primaryImageOfPage\":{\"@id\":\"https:\\\/\\\/wfc2024.akiquebec.org\\\/tourism\\\/#primaryimage\"},\"image\":{\"@id\":\"https:\\\/\\\/wfc2024.akiquebec.org\\\/tourism\\\/#primaryimage\"},\"thumbnailUrl\":\"https:\\\/\\\/wfc2024.akiquebec.org\\\/wp-content\\\/uploads\\\/2024\\\/01\\\/36472_0-1024x512.jpg\",\"datePublished\":\"2024-05-08T22:06:23+00:00\",\"dateModified\":\"2024-06-08T15:58:25+00:00\",\"breadcrumb\":{\"@id\":\"https:\\\/\\\/wfc2024.akiquebec.org\\\/tourism\\\/#breadcrumb\"},\"inLanguage\":\"fr-CA\",\"potentialAction\":[{\"@type\":\"ReadAction\",\"target\":[\"https:\\\/\\\/wfc2024.akiquebec.org\\\/tourism\\\/\"]}]},{\"@type\":\"ImageObject\",\"inLanguage\":\"fr-CA\",\"@id\":\"https:\\\/\\\/wfc2024.akiquebec.org\\\/tourism\\\/#primaryimage\",\"url\":\"https:\\\/\\\/wfc2024.akiquebec.org\\\/wp-content\\\/uploads\\\/2024\\\/01\\\/36472_0-1024x512.jpg\",\"contentUrl\":\"https:\\\/\\\/wfc2024.akiquebec.org\\\/wp-content\\\/uploads\\\/2024\\\/01\\\/36472_0-1024x512.jpg\"},{\"@type\":\"BreadcrumbList\",\"@id\":\"https:\\\/\\\/wfc2024.akiquebec.org\\\/tourism\\\/#breadcrumb\",\"itemListElement\":[{\"@type\":\"ListItem\",\"position\":1,\"name\":\"Home\",\"item\":\"https:\\\/\\\/wfc2024.akiquebec.org\\\/\"},{\"@type\":\"ListItem\",\"position\":2,\"name\":\"Tourism\"}]},{\"@type\":\"WebSite\",\"@id\":\"https:\\\/\\\/wfc2024.akiquebec.org\\\/#website\",\"url\":\"https:\\\/\\\/wfc2024.akiquebec.org\\\/\",\"name\":\"43rd IFPA WORLD FOOTBAG CHAMPIONSHIPS 2024\",\"description\":\"43rd IFPA WORLD FOOTBAG CHAMPIONSHIPS 2024\",\"potentialAction\":[{\"@type\":\"SearchAction\",\"target\":{\"@type\":\"EntryPoint\",\"urlTemplate\":\"https:\\\/\\\/wfc2024.akiquebec.org\\\/?s={search_term_string}\"},\"query-input\":{\"@type\":\"PropertyValueSpecification\",\"valueRequired\":true,\"valueName\":\"search_term_string\"}}],\"inLanguage\":\"fr-CA\"}]}<\/script>\n<!-- \/ Yoast SEO plugin. -->","yoast_head_json":{"title":"Tourism - 43rd IFPA WORLD FOOTBAG CHAMPIONSHIPS 2024","robots":{"index":"index","follow":"follow","max-snippet":"max-snippet:-1","max-image-preview":"max-image-preview:large","max-video-preview":"max-video-preview:-1"},"canonical":"https:\/\/wfc2024.akiquebec.org\/fr\/tourism\/","og_locale":"fr_CA","og_type":"article","og_title":"Tourism - 43rd IFPA WORLD FOOTBAG CHAMPIONSHIPS 2024","og_description":"Tourism Official tourist guide Montreal and its surrounding areas offer an abundance of activities to enjoy during the summer months, blending cultural experiences, outdoor adventures, and culinary delights. Stay tuned for updated information !","og_url":"https:\/\/wfc2024.akiquebec.org\/fr\/tourism\/","og_site_name":"43rd IFPA WORLD FOOTBAG CHAMPIONSHIPS 2024","article_modified_time":"2024-06-08T15:58:25+00:00","og_image":[{"url":"https:\/\/wfc2024.akiquebec.org\/wp-content\/uploads\/2024\/01\/36472_0-1024x512.jpg","type":"","width":"","height":""}],"twitter_card":"summary_large_image","twitter_misc":{"Estimation du temps de lecture":"5 minutes"},"schema":{"@context":"https:\/\/schema.org","@graph":[{"@type":"WebPage","@id":"https:\/\/wfc2024.akiquebec.org\/tourism\/","url":"https:\/\/wfc2024.akiquebec.org\/tourism\/","name":"Tourism - 43rd IFPA WORLD FOOTBAG CHAMPIONSHIPS 2024","isPartOf":{"@id":"https:\/\/wfc2024.akiquebec.org\/#website"},"primaryImageOfPage":{"@id":"https:\/\/wfc2024.akiquebec.org\/tourism\/#primaryimage"},"image":{"@id":"https:\/\/wfc2024.akiquebec.org\/tourism\/#primaryimage"},"thumbnailUrl":"https:\/\/wfc2024.akiquebec.org\/wp-content\/uploads\/2024\/01\/36472_0-1024x512.jpg","datePublished":"2024-05-08T22:06:23+00:00","dateModified":"2024-06-08T15:58:25+00:00","breadcrumb":{"@id":"https:\/\/wfc2024.akiquebec.org\/tourism\/#breadcrumb"},"inLanguage":"fr-CA","potentialAction":[{"@type":"ReadAction","target":["https:\/\/wfc2024.akiquebec.org\/tourism\/"]}]},{"@type":"ImageObject","inLanguage":"fr-CA","@id":"https:\/\/wfc2024.akiquebec.org\/tourism\/#primaryimage","url":"https:\/\/wfc2024.akiquebec.org\/wp-content\/uploads\/2024\/01\/36472_0-1024x512.jpg","contentUrl":"https:\/\/wfc2024.akiquebec.org\/wp-content\/uploads\/2024\/01\/36472_0-1024x512.jpg"},{"@type":"BreadcrumbList","@id":"https:\/\/wfc2024.akiquebec.org\/tourism\/#breadcrumb","itemListElement":[{"@type":"ListItem","position":1,"name":"Home","item":"https:\/\/wfc2024.akiquebec.org\/"},{"@type":"ListItem","position":2,"name":"Tourism"}]},{"@type":"WebSite","@id":"https:\/\/wfc2024.akiquebec.org\/#website","url":"https:\/\/wfc2024.akiquebec.org\/","name":"CHAMPIONNATS DU MONDE DE FOOTBAG 2024","description":"CHAMPIONNATS DU MONDE DE FOOTBAG 2024","potentialAction":[{"@type":"SearchAction","target":{"@type":"EntryPoint","urlTemplate":"https:\/\/wfc2024.akiquebec.org\/?s={search_term_string}"},"query-input":{"@type":"PropertyValueSpecification","valueRequired":true,"valueName":"search_term_string"}}],"inLanguage":"fr-CA"}]}},"_links":{"self":[{"href":"https:\/\/wfc2024.akiquebec.org\/fr\/wp-json\/wp\/v2\/pages\/252","targetHints":{"allow":["GET"]}}],"collection":[{"href":"https:\/\/wfc2024.akiquebec.org\/fr\/wp-json\/wp\/v2\/pages"}],"about":[{"href":"https:\/\/wfc2024.akiquebec.org\/fr\/wp-json\/wp\/v2\/types\/page"}],"author":[{"embeddable":true,"href":"https:\/\/wfc2024.akiquebec.org\/fr\/wp-json\/wp\/v2\/users\/2"}],"replies":[{"embeddable":true,"href":"https:\/\/wfc2024.akiquebec.org\/fr\/wp-json\/wp\/v2\/comments?post=252"}],"version-history":[{"count":5,"href":"https:\/\/wfc2024.akiquebec.org\/fr\/wp-json\/wp\/v2\/pages\/252\/revisions"}],"predecessor-version":[{"id":496,"href":"https:\/\/wfc2024.akiquebec.org\/fr\/wp-json\/wp\/v2\/pages\/252\/revisions\/496"}],"wp:attachment":[{"href":"https:\/\/wfc2024.akiquebec.org\/fr\/wp-json\/wp\/v2\/media?parent=252"}],"curies":[{"name":"wp","href":"https:\/\/api.w.org\/{rel}","templated":true}]}}