{"id":29,"date":"2024-01-22T20:19:47","date_gmt":"2024-01-23T01:19:47","guid":{"rendered":"https:\/\/akiquebec.wordpress.com\/?page_id=29"},"modified":"2024-06-08T16:11:53","modified_gmt":"2024-06-08T16:11:53","slug":"venue","status":"publish","type":"page","link":"https:\/\/wfc2024.akiquebec.org\/fr\/venue\/","title":{"rendered":"Lieux"},"content":{"rendered":"<p class=\"has-text-align-center has-large-font-size wp-block-paragraph\"><strong>Lieux<\/strong><\/p>\n\n\n\n<p class=\"wp-block-paragraph\">Cette ann\u00e9e, le tournoi se d\u00e9roulera dans diff\u00e9rentes localisations de l'arrondissement Hochelaga-Maisonneuve :<\/p>\n\n\n\n<p class=\"wp-block-paragraph\">Lors des premiers jours, les comp\u00e9titions de footbag freestyle prendront place sur l'Esplanade<em> <\/em>du Stade Olympique.<\/p>\n\n\n\n<figure class=\"wp-block-image size-large\"><img loading=\"lazy\" decoding=\"async\" width=\"1024\" height=\"391\" src=\"https:\/\/wfc2024.akiquebec.org\/wp-content\/uploads\/2024\/06\/esplanade-1024x391.jpeg\" alt=\"\" class=\"wp-image-473\" style=\"box-shadow:var(--wp--preset--shadow--natural)\" srcset=\"https:\/\/wfc2024.akiquebec.org\/wp-content\/uploads\/2024\/06\/esplanade-1024x391.jpeg 1024w, https:\/\/wfc2024.akiquebec.org\/wp-content\/uploads\/2024\/06\/esplanade-300x115.jpeg 300w, https:\/\/wfc2024.akiquebec.org\/wp-content\/uploads\/2024\/06\/esplanade-768x293.jpeg 768w, https:\/\/wfc2024.akiquebec.org\/wp-content\/uploads\/2024\/06\/esplanade-18x7.jpeg 18w, https:\/\/wfc2024.akiquebec.org\/wp-content\/uploads\/2024\/06\/esplanade.jpeg 1310w\" sizes=\"auto, (max-width: 1024px) 100vw, 1024px\" \/><\/figure>\n\n\n\n<p class=\"wp-block-paragraph\">Jeudi, elles se d\u00e9placeront sur la Promenade Ontario devant la Place Valois.<\/p>\n\n\n\n<figure class=\"wp-block-image size-full\"><img loading=\"lazy\" decoding=\"async\" width=\"960\" height=\"640\" src=\"https:\/\/wfc2024.akiquebec.org\/wp-content\/uploads\/2024\/05\/309599024_422854969985285_2729329484432983480_n.jpg\" alt=\"\" class=\"wp-image-248\" style=\"box-shadow:var(--wp--preset--shadow--natural)\" srcset=\"https:\/\/wfc2024.akiquebec.org\/wp-content\/uploads\/2024\/05\/309599024_422854969985285_2729329484432983480_n.jpg 960w, https:\/\/wfc2024.akiquebec.org\/wp-content\/uploads\/2024\/05\/309599024_422854969985285_2729329484432983480_n-300x200.jpg 300w, https:\/\/wfc2024.akiquebec.org\/wp-content\/uploads\/2024\/05\/309599024_422854969985285_2729329484432983480_n-768x512.jpg 768w, https:\/\/wfc2024.akiquebec.org\/wp-content\/uploads\/2024\/05\/309599024_422854969985285_2729329484432983480_n-18x12.jpg 18w\" sizes=\"auto, (max-width: 960px) 100vw, 960px\" \/><\/figure>\n\n\n\n<p class=\"wp-block-paragraph\">Les comp\u00e9titions de footbag net auront lieu dans le verdoyant parc Lalancette. Samedi, les finales se d\u00e9rouleront \u00e9galement devant la Place Valois.<\/p>\n\n\n\n<figure class=\"wp-block-image size-large\"><img loading=\"lazy\" decoding=\"async\" width=\"1024\" height=\"576\" src=\"https:\/\/wfc2024.akiquebec.org\/wp-content\/uploads\/2024\/05\/20210731_075143-01-1024x576.jpeg\" alt=\"\" class=\"wp-image-247\" style=\"box-shadow:var(--wp--preset--shadow--natural)\" srcset=\"https:\/\/wfc2024.akiquebec.org\/wp-content\/uploads\/2024\/05\/20210731_075143-01-1024x576.jpeg 1024w, https:\/\/wfc2024.akiquebec.org\/wp-content\/uploads\/2024\/05\/20210731_075143-01-300x169.jpeg 300w, https:\/\/wfc2024.akiquebec.org\/wp-content\/uploads\/2024\/05\/20210731_075143-01-768x432.jpeg 768w, https:\/\/wfc2024.akiquebec.org\/wp-content\/uploads\/2024\/05\/20210731_075143-01-18x10.jpeg 18w, https:\/\/wfc2024.akiquebec.org\/wp-content\/uploads\/2024\/05\/20210731_075143-01.jpeg 1360w\" sizes=\"auto, (max-width: 1024px) 100vw, 1024px\" \/><\/figure>\n\n\n\n<p class=\"wp-block-paragraph\">Peu importe dans quel secteur vous serez, vous aurez acc\u00e8s aux transports en commun et au BIXI, un syst\u00e8me de v\u00e9los en libre-service, pour trouver ce dont vous aurez besoin : magasins, \u00e9piceries, pharmacies, restaurants et encore plus! <a href=\"https:\/\/wfc2024.akiquebec.org\/fr\/map\/\" data-type=\"page\" data-id=\"68\">Carte ici!<\/a><\/p>","protected":false},"excerpt":{"rendered":"<p>Venue This year&#8217;s Worlds will take place in more than one location within the Hochelaga neighbourhood : For the first days, the Freestyle Events will\u00a0take place on\u00a0the Esplanade of the Olympic Stadium. Starting on Thursday, they will move on the\u00a0Ontario Promenade right in front\u00a0of Place Valois. The Net Events will\u00a0take place on natural\u00a0grass in Lalancette [&hellip;]<\/p>\n","protected":false},"author":2,"featured_media":0,"parent":0,"menu_order":0,"comment_status":"closed","ping_status":"closed","template":"","meta":{"_crdt_document":"","footnotes":""},"class_list":["post-29","page","type-page","status-publish","hentry"],"yoast_head":"<!-- This site is optimized with the Yoast SEO plugin v27.6 - https:\/\/yoast.com\/product\/yoast-seo-wordpress\/ -->\n<title>Venue - 43rd IFPA WORLD FOOTBAG CHAMPIONSHIPS 2024<\/title>\n<meta name=\"robots\" content=\"index, follow, max-snippet:-1, max-image-preview:large, max-video-preview:-1\" \/>\n<link rel=\"canonical\" href=\"https:\/\/wfc2024.akiquebec.org\/fr\/venue\/\" \/>\n<meta property=\"og:locale\" content=\"fr_CA\" \/>\n<meta property=\"og:type\" content=\"article\" \/>\n<meta property=\"og:title\" content=\"Venue - 43rd IFPA WORLD FOOTBAG CHAMPIONSHIPS 2024\" \/>\n<meta property=\"og:description\" content=\"Venue This year&#8217;s Worlds will take place in more than one location within the Hochelaga neighbourhood : For the first days, the Freestyle Events will\u00a0take place on\u00a0the Esplanade of the Olympic Stadium. Starting on Thursday, they will move on the\u00a0Ontario Promenade right in front\u00a0of Place Valois. The Net Events will\u00a0take place on natural\u00a0grass in Lalancette [&hellip;]\" \/>\n<meta property=\"og:url\" content=\"https:\/\/wfc2024.akiquebec.org\/fr\/venue\/\" \/>\n<meta property=\"og:site_name\" content=\"43rd IFPA WORLD FOOTBAG CHAMPIONSHIPS 2024\" \/>\n<meta property=\"article:modified_time\" content=\"2024-06-08T16:11:53+00:00\" \/>\n<meta property=\"og:image\" content=\"https:\/\/wfc2024.akiquebec.org\/wp-content\/uploads\/2024\/06\/esplanade-1024x391.jpeg\" \/>\n<meta name=\"twitter:card\" content=\"summary_large_image\" \/>\n<meta name=\"twitter:label1\" content=\"Estimation du temps de lecture\" \/>\n\t<meta name=\"twitter:data1\" content=\"1 minute\" \/>\n<script type=\"application\/ld+json\" class=\"yoast-schema-graph\">{\"@context\":\"https:\\\/\\\/schema.org\",\"@graph\":[{\"@type\":\"WebPage\",\"@id\":\"https:\\\/\\\/wfc2024.akiquebec.org\\\/venue\\\/\",\"url\":\"https:\\\/\\\/wfc2024.akiquebec.org\\\/venue\\\/\",\"name\":\"Venue - 43rd IFPA WORLD FOOTBAG CHAMPIONSHIPS 2024\",\"isPartOf\":{\"@id\":\"https:\\\/\\\/wfc2024.akiquebec.org\\\/#website\"},\"primaryImageOfPage\":{\"@id\":\"https:\\\/\\\/wfc2024.akiquebec.org\\\/venue\\\/#primaryimage\"},\"image\":{\"@id\":\"https:\\\/\\\/wfc2024.akiquebec.org\\\/venue\\\/#primaryimage\"},\"thumbnailUrl\":\"https:\\\/\\\/wfc2024.akiquebec.org\\\/wp-content\\\/uploads\\\/2024\\\/06\\\/esplanade-1024x391.jpeg\",\"datePublished\":\"2024-01-23T01:19:47+00:00\",\"dateModified\":\"2024-06-08T16:11:53+00:00\",\"breadcrumb\":{\"@id\":\"https:\\\/\\\/wfc2024.akiquebec.org\\\/venue\\\/#breadcrumb\"},\"inLanguage\":\"fr-CA\",\"potentialAction\":[{\"@type\":\"ReadAction\",\"target\":[\"https:\\\/\\\/wfc2024.akiquebec.org\\\/venue\\\/\"]}]},{\"@type\":\"ImageObject\",\"inLanguage\":\"fr-CA\",\"@id\":\"https:\\\/\\\/wfc2024.akiquebec.org\\\/venue\\\/#primaryimage\",\"url\":\"https:\\\/\\\/wfc2024.akiquebec.org\\\/wp-content\\\/uploads\\\/2024\\\/06\\\/esplanade-1024x391.jpeg\",\"contentUrl\":\"https:\\\/\\\/wfc2024.akiquebec.org\\\/wp-content\\\/uploads\\\/2024\\\/06\\\/esplanade-1024x391.jpeg\"},{\"@type\":\"BreadcrumbList\",\"@id\":\"https:\\\/\\\/wfc2024.akiquebec.org\\\/venue\\\/#breadcrumb\",\"itemListElement\":[{\"@type\":\"ListItem\",\"position\":1,\"name\":\"Home\",\"item\":\"https:\\\/\\\/wfc2024.akiquebec.org\\\/\"},{\"@type\":\"ListItem\",\"position\":2,\"name\":\"Venue\"}]},{\"@type\":\"WebSite\",\"@id\":\"https:\\\/\\\/wfc2024.akiquebec.org\\\/#website\",\"url\":\"https:\\\/\\\/wfc2024.akiquebec.org\\\/\",\"name\":\"43rd IFPA WORLD FOOTBAG CHAMPIONSHIPS 2024\",\"description\":\"43rd IFPA WORLD FOOTBAG CHAMPIONSHIPS 2024\",\"potentialAction\":[{\"@type\":\"SearchAction\",\"target\":{\"@type\":\"EntryPoint\",\"urlTemplate\":\"https:\\\/\\\/wfc2024.akiquebec.org\\\/?s={search_term_string}\"},\"query-input\":{\"@type\":\"PropertyValueSpecification\",\"valueRequired\":true,\"valueName\":\"search_term_string\"}}],\"inLanguage\":\"fr-CA\"}]}<\/script>\n<!-- \/ Yoast SEO plugin. -->","yoast_head_json":{"title":"Venue - 43rd IFPA WORLD FOOTBAG CHAMPIONSHIPS 2024","robots":{"index":"index","follow":"follow","max-snippet":"max-snippet:-1","max-image-preview":"max-image-preview:large","max-video-preview":"max-video-preview:-1"},"canonical":"https:\/\/wfc2024.akiquebec.org\/fr\/venue\/","og_locale":"fr_CA","og_type":"article","og_title":"Venue - 43rd IFPA WORLD FOOTBAG CHAMPIONSHIPS 2024","og_description":"Venue This year&#8217;s Worlds will take place in more than one location within the Hochelaga neighbourhood : For the first days, the Freestyle Events will\u00a0take place on\u00a0the Esplanade of the Olympic Stadium. Starting on Thursday, they will move on the\u00a0Ontario Promenade right in front\u00a0of Place Valois. The Net Events will\u00a0take place on natural\u00a0grass in Lalancette [&hellip;]","og_url":"https:\/\/wfc2024.akiquebec.org\/fr\/venue\/","og_site_name":"43rd IFPA WORLD FOOTBAG CHAMPIONSHIPS 2024","article_modified_time":"2024-06-08T16:11:53+00:00","og_image":[{"url":"https:\/\/wfc2024.akiquebec.org\/wp-content\/uploads\/2024\/06\/esplanade-1024x391.jpeg","type":"","width":"","height":""}],"twitter_card":"summary_large_image","twitter_misc":{"Estimation du temps de lecture":"1 minute"},"schema":{"@context":"https:\/\/schema.org","@graph":[{"@type":"WebPage","@id":"https:\/\/wfc2024.akiquebec.org\/venue\/","url":"https:\/\/wfc2024.akiquebec.org\/venue\/","name":"Venue - 43rd IFPA WORLD FOOTBAG CHAMPIONSHIPS 2024","isPartOf":{"@id":"https:\/\/wfc2024.akiquebec.org\/#website"},"primaryImageOfPage":{"@id":"https:\/\/wfc2024.akiquebec.org\/venue\/#primaryimage"},"image":{"@id":"https:\/\/wfc2024.akiquebec.org\/venue\/#primaryimage"},"thumbnailUrl":"https:\/\/wfc2024.akiquebec.org\/wp-content\/uploads\/2024\/06\/esplanade-1024x391.jpeg","datePublished":"2024-01-23T01:19:47+00:00","dateModified":"2024-06-08T16:11:53+00:00","breadcrumb":{"@id":"https:\/\/wfc2024.akiquebec.org\/venue\/#breadcrumb"},"inLanguage":"fr-CA","potentialAction":[{"@type":"ReadAction","target":["https:\/\/wfc2024.akiquebec.org\/venue\/"]}]},{"@type":"ImageObject","inLanguage":"fr-CA","@id":"https:\/\/wfc2024.akiquebec.org\/venue\/#primaryimage","url":"https:\/\/wfc2024.akiquebec.org\/wp-content\/uploads\/2024\/06\/esplanade-1024x391.jpeg","contentUrl":"https:\/\/wfc2024.akiquebec.org\/wp-content\/uploads\/2024\/06\/esplanade-1024x391.jpeg"},{"@type":"BreadcrumbList","@id":"https:\/\/wfc2024.akiquebec.org\/venue\/#breadcrumb","itemListElement":[{"@type":"ListItem","position":1,"name":"Home","item":"https:\/\/wfc2024.akiquebec.org\/"},{"@type":"ListItem","position":2,"name":"Venue"}]},{"@type":"WebSite","@id":"https:\/\/wfc2024.akiquebec.org\/#website","url":"https:\/\/wfc2024.akiquebec.org\/","name":"CHAMPIONNATS DU MONDE DE FOOTBAG 2024","description":"CHAMPIONNATS DU MONDE DE FOOTBAG 2024","potentialAction":[{"@type":"SearchAction","target":{"@type":"EntryPoint","urlTemplate":"https:\/\/wfc2024.akiquebec.org\/?s={search_term_string}"},"query-input":{"@type":"PropertyValueSpecification","valueRequired":true,"valueName":"search_term_string"}}],"inLanguage":"fr-CA"}]}},"_links":{"self":[{"href":"https:\/\/wfc2024.akiquebec.org\/fr\/wp-json\/wp\/v2\/pages\/29","targetHints":{"allow":["GET"]}}],"collection":[{"href":"https:\/\/wfc2024.akiquebec.org\/fr\/wp-json\/wp\/v2\/pages"}],"about":[{"href":"https:\/\/wfc2024.akiquebec.org\/fr\/wp-json\/wp\/v2\/types\/page"}],"author":[{"embeddable":true,"href":"https:\/\/wfc2024.akiquebec.org\/fr\/wp-json\/wp\/v2\/users\/2"}],"replies":[{"embeddable":true,"href":"https:\/\/wfc2024.akiquebec.org\/fr\/wp-json\/wp\/v2\/comments?post=29"}],"version-history":[{"count":5,"href":"https:\/\/wfc2024.akiquebec.org\/fr\/wp-json\/wp\/v2\/pages\/29\/revisions"}],"predecessor-version":[{"id":484,"href":"https:\/\/wfc2024.akiquebec.org\/fr\/wp-json\/wp\/v2\/pages\/29\/revisions\/484"}],"wp:attachment":[{"href":"https:\/\/wfc2024.akiquebec.org\/fr\/wp-json\/wp\/v2\/media?parent=29"}],"curies":[{"name":"wp","href":"https:\/\/api.w.org\/{rel}","templated":true}]}}