{"id":38,"date":"2024-01-23T10:10:25","date_gmt":"2024-01-23T15:10:25","guid":{"rendered":"https:\/\/akiquebec.wordpress.com\/?page_id=38"},"modified":"2024-08-02T14:53:22","modified_gmt":"2024-08-02T14:53:22","slug":"schedules","status":"publish","type":"page","link":"https:\/\/wfc2024.akiquebec.org\/fr\/schedules\/","title":{"rendered":"\u00c9v\u00e8nement"},"content":{"rendered":"<p class=\"has-text-align-center has-large-font-size wp-block-paragraph translation-block\" style=\"text-transform:none\"><strong>Horaires de l'\u00e9v\u00e8nement<\/strong><\/p>\n\n\n\n<p class=\"wp-block-paragraph\">Pr\u00e9parez-vous \u00e0 assister au summum du niveau de jeu dans le cadre des Championnats du monde de Footbag \u00e0 Montr\u00e9al ! La comp\u00e9tition viendra de la sc\u00e8ne internationale et elle sera f\u00e9roce, mettant en vedette de l'adresse, de la vitesse et de la pr\u00e9cision. Que ce soit des attaques spectaculaires au filet ou des chor\u00e9graphies hypnotisantes, la rivalit\u00e9 promet un spectacle \u00e9poustouflant. Ne manquez surtout pas cette chance d'assister \u00e0 cet \u00e9v\u00e8nement unique et joignez-vous \u00e0 nous pour une exp\u00e9rience inoubliable de footbag !<\/p>\n\n\n\n<figure class=\"wp-block-image size-full\"><img loading=\"lazy\" decoding=\"async\" width=\"960\" height=\"640\" src=\"https:\/\/wfc2024.akiquebec.org\/wp-content\/uploads\/2024\/05\/309599024_422854969985285_2729329484432983480_n.jpg\" alt=\"\" class=\"wp-image-248\" style=\"box-shadow:var(--wp--preset--shadow--natural)\" srcset=\"https:\/\/wfc2024.akiquebec.org\/wp-content\/uploads\/2024\/05\/309599024_422854969985285_2729329484432983480_n.jpg 960w, https:\/\/wfc2024.akiquebec.org\/wp-content\/uploads\/2024\/05\/309599024_422854969985285_2729329484432983480_n-300x200.jpg 300w, https:\/\/wfc2024.akiquebec.org\/wp-content\/uploads\/2024\/05\/309599024_422854969985285_2729329484432983480_n-768x512.jpg 768w, https:\/\/wfc2024.akiquebec.org\/wp-content\/uploads\/2024\/05\/309599024_422854969985285_2729329484432983480_n-18x12.jpg 18w\" sizes=\"auto, (max-width: 960px) 100vw, 960px\" \/><\/figure>\n\n\n\n<p class=\"wp-block-paragraph\">Cette ann\u00e9e, le tournoi se d\u00e9roulera dans diff\u00e9rentes localisations de l'arrondissement Hochelaga-Maisonneuve.<\/p>\n\n\n\n<p class=\"wp-block-paragraph\">Pour les premiers jours, les \u00e9preuves de freestyle auront lieu sur&nbsp;<em>l'Esplanade<\/em>&nbsp;du Stade Olympique. \u00c0 partir de jeudi, elles se d\u00e9placeront sur la Promenade Ontario, juste en face de la Place Valois.<\/p>\n\n\n\n<p class=\"wp-block-paragraph\">Les \u00e9preuves de Footbag net se d\u00e9rouleront sur l'herbe naturelle du Parc Lalancette. Le samedi, toutes les finales se tiendront devant la Place Valois.<\/p>\n\n\n\n<p class=\"wp-block-paragraph\">Attendez-vous \u00e0 une ambiance formidable et \u00e0 un grand nombre de spectateurs qui d\u00e9couvriront pour la premi\u00e8re fois le footbag professionnel !<\/p>\n\n\n\n<p class=\"wp-block-paragraph\">*SVP prendre note que ce sont des lignes directrices et qu'il est possible que l'horaire soit modifi\u00e9 en cours de route.&nbsp;<br><\/p>\n\n\n\n<p class=\"wp-block-paragraph\"><strong>Horaire&nbsp;<\/strong><\/p>\n\n\n\n<figure data-wp-context=\"{&quot;imageId&quot;:&quot;6a067597953ca&quot;}\" data-wp-interactive=\"core\/image\" data-wp-key=\"6a067597953ca\" class=\"wp-block-image size-large wp-lightbox-container\"><img loading=\"lazy\" decoding=\"async\" width=\"1024\" height=\"563\" data-wp-class--hide=\"state.isContentHidden\" data-wp-class--show=\"state.isContentVisible\" data-wp-init=\"callbacks.setButtonStyles\" data-wp-on--click=\"actions.showLightbox\" data-wp-on--load=\"callbacks.setButtonStyles\" data-wp-on--pointerdown=\"actions.preloadImage\" data-wp-on--pointerenter=\"actions.preloadImageWithDelay\" data-wp-on--pointerleave=\"actions.cancelPreload\" data-wp-on-window--resize=\"callbacks.setButtonStyles\" src=\"https:\/\/wfc2024.akiquebec.org\/wp-content\/uploads\/2024\/08\/wfc24-general-schedule-corrected2-1024x563.png\" alt=\"\" class=\"wp-image-734\" srcset=\"https:\/\/wfc2024.akiquebec.org\/wp-content\/uploads\/2024\/08\/wfc24-general-schedule-corrected2-1024x563.png 1024w, https:\/\/wfc2024.akiquebec.org\/wp-content\/uploads\/2024\/08\/wfc24-general-schedule-corrected2-300x165.png 300w, https:\/\/wfc2024.akiquebec.org\/wp-content\/uploads\/2024\/08\/wfc24-general-schedule-corrected2-768x422.png 768w, https:\/\/wfc2024.akiquebec.org\/wp-content\/uploads\/2024\/08\/wfc24-general-schedule-corrected2-1536x844.png 1536w, https:\/\/wfc2024.akiquebec.org\/wp-content\/uploads\/2024\/08\/wfc24-general-schedule-corrected2-2048x1125.png 2048w, https:\/\/wfc2024.akiquebec.org\/wp-content\/uploads\/2024\/08\/wfc24-general-schedule-corrected2-18x10.png 18w\" sizes=\"auto, (max-width: 1024px) 100vw, 1024px\" \/><button\n\t\t\tclass=\"lightbox-trigger\"\n\t\t\ttype=\"button\"\n\t\t\taria-haspopup=\"dialog\"\n\t\t\tdata-wp-bind--aria-label=\"state.thisImage.triggerButtonAriaLabel\"\n\t\t\tdata-wp-init=\"callbacks.initTriggerButton\"\n\t\t\tdata-wp-on--click=\"actions.showLightbox\"\n\t\t\tdata-wp-style--right=\"state.thisImage.buttonRight\"\n\t\t\tdata-wp-style--top=\"state.thisImage.buttonTop\"\n\t\t>\n\t\t\t<svg xmlns=\"http:\/\/www.w3.org\/2000\/svg\" width=\"12\" height=\"12\" fill=\"none\" viewbox=\"0 0 12 12\">\n\t\t\t\t<path fill=\"#fff\" d=\"M2 0a2 2 0 0 0-2 2v2h1.5V2a.5.5 0 0 1 .5-.5h2V0H2Zm2 10.5H2a.5.5 0 0 1-.5-.5V8H0v2a2 2 0 0 0 2 2h2v-1.5ZM8 12v-1.5h2a.5.5 0 0 0 .5-.5V8H12v2a2 2 0 0 1-2 2H8Zm2-12a2 2 0 0 1 2 2v2h-1.5V2a.5.5 0 0 0-.5-.5H8V0h2Z\" \/>\n\t\t\t<\/svg>\n\t\t<\/button><\/figure>\n\n\n\n<figure data-wp-context=\"{&quot;imageId&quot;:&quot;6a0675979573f&quot;}\" data-wp-interactive=\"core\/image\" data-wp-key=\"6a0675979573f\" class=\"wp-block-image aligncenter size-large wp-lightbox-container\"><img loading=\"lazy\" decoding=\"async\" width=\"275\" height=\"1024\" data-wp-class--hide=\"state.isContentHidden\" data-wp-class--show=\"state.isContentVisible\" data-wp-init=\"callbacks.setButtonStyles\" data-wp-on--click=\"actions.showLightbox\" data-wp-on--load=\"callbacks.setButtonStyles\" data-wp-on--pointerdown=\"actions.preloadImage\" data-wp-on--pointerenter=\"actions.preloadImageWithDelay\" data-wp-on--pointerleave=\"actions.cancelPreload\" data-wp-on-window--resize=\"callbacks.setButtonStyles\" src=\"https:\/\/wfc2024.akiquebec.org\/wp-content\/uploads\/2024\/06\/WFC24-finals-schedule-275x1024.png\" alt=\"\" class=\"wp-image-532\" srcset=\"https:\/\/wfc2024.akiquebec.org\/wp-content\/uploads\/2024\/06\/WFC24-finals-schedule-275x1024.png 275w, https:\/\/wfc2024.akiquebec.org\/wp-content\/uploads\/2024\/06\/WFC24-finals-schedule-413x1536.png 413w, https:\/\/wfc2024.akiquebec.org\/wp-content\/uploads\/2024\/06\/WFC24-finals-schedule-550x2048.png 550w, https:\/\/wfc2024.akiquebec.org\/wp-content\/uploads\/2024\/06\/WFC24-finals-schedule-3x12.png 3w, https:\/\/wfc2024.akiquebec.org\/wp-content\/uploads\/2024\/06\/WFC24-finals-schedule.png 720w\" sizes=\"auto, (max-width: 275px) 100vw, 275px\" \/><button\n\t\t\tclass=\"lightbox-trigger\"\n\t\t\ttype=\"button\"\n\t\t\taria-haspopup=\"dialog\"\n\t\t\tdata-wp-bind--aria-label=\"state.thisImage.triggerButtonAriaLabel\"\n\t\t\tdata-wp-init=\"callbacks.initTriggerButton\"\n\t\t\tdata-wp-on--click=\"actions.showLightbox\"\n\t\t\tdata-wp-style--right=\"state.thisImage.buttonRight\"\n\t\t\tdata-wp-style--top=\"state.thisImage.buttonTop\"\n\t\t>\n\t\t\t<svg xmlns=\"http:\/\/www.w3.org\/2000\/svg\" width=\"12\" height=\"12\" fill=\"none\" viewbox=\"0 0 12 12\">\n\t\t\t\t<path fill=\"#fff\" d=\"M2 0a2 2 0 0 0-2 2v2h1.5V2a.5.5 0 0 1 .5-.5h2V0H2Zm2 10.5H2a.5.5 0 0 1-.5-.5V8H0v2a2 2 0 0 0 2 2h2v-1.5ZM8 12v-1.5h2a.5.5 0 0 0 .5-.5V8H12v2a2 2 0 0 1-2 2H8Zm2-12a2 2 0 0 1 2 2v2h-1.5V2a.5.5 0 0 0-.5-.5H8V0h2Z\" \/>\n\t\t\t<\/svg>\n\t\t<\/button><\/figure>","protected":false},"excerpt":{"rendered":"<p>Event schedule Get ready to witness the pinnacle of footbag athleticism at the upcoming 43rd IFPA Footbag World Championships ! As players from across the globe converge, expect an electrifying showcase of skill, speed, and precision. From lightning-fast \u201cspikes\u201d to jaw-dropping chore\u00ado\u00adgraph\u00ady, the competition promises non-stop action and excitement. Whether you\u2019re a seasoned fan or [&hellip;]<\/p>\n","protected":false},"author":2,"featured_media":0,"parent":0,"menu_order":0,"comment_status":"closed","ping_status":"closed","template":"","meta":{"_crdt_document":"","footnotes":""},"class_list":["post-38","page","type-page","status-publish","hentry"],"yoast_head":"<!-- This site is optimized with the Yoast SEO plugin v27.6 - https:\/\/yoast.com\/product\/yoast-seo-wordpress\/ -->\n<title>Event - 43rd IFPA WORLD FOOTBAG CHAMPIONSHIPS 2024<\/title>\n<meta name=\"robots\" content=\"index, follow, max-snippet:-1, max-image-preview:large, max-video-preview:-1\" \/>\n<link rel=\"canonical\" href=\"https:\/\/wfc2024.akiquebec.org\/fr\/schedules\/\" \/>\n<meta property=\"og:locale\" content=\"fr_CA\" \/>\n<meta property=\"og:type\" content=\"article\" \/>\n<meta property=\"og:title\" content=\"Event - 43rd IFPA WORLD FOOTBAG CHAMPIONSHIPS 2024\" \/>\n<meta property=\"og:description\" content=\"Event schedule Get ready to witness the pinnacle of footbag athleticism at the upcoming 43rd IFPA Footbag World Championships ! As players from across the globe converge, expect an electrifying showcase of skill, speed, and precision. From lightning-fast \u201cspikes\u201d to jaw-dropping chore\u00ado\u00adgraph\u00ady, the competition promises non-stop action and excitement. Whether you\u2019re a seasoned fan or [&hellip;]\" \/>\n<meta property=\"og:url\" content=\"https:\/\/wfc2024.akiquebec.org\/fr\/schedules\/\" \/>\n<meta property=\"og:site_name\" content=\"43rd IFPA WORLD FOOTBAG CHAMPIONSHIPS 2024\" \/>\n<meta property=\"article:modified_time\" content=\"2024-08-02T14:53:22+00:00\" \/>\n<meta property=\"og:image\" content=\"https:\/\/wfc2024.akiquebec.org\/wp-content\/uploads\/2024\/05\/309599024_422854969985285_2729329484432983480_n.jpg\" \/>\n<meta name=\"twitter:card\" content=\"summary_large_image\" \/>\n<meta name=\"twitter:label1\" content=\"Estimation du temps de lecture\" \/>\n\t<meta name=\"twitter:data1\" content=\"1 minute\" \/>\n<script type=\"application\/ld+json\" class=\"yoast-schema-graph\">{\"@context\":\"https:\\\/\\\/schema.org\",\"@graph\":[{\"@type\":\"WebPage\",\"@id\":\"https:\\\/\\\/wfc2024.akiquebec.org\\\/schedules\\\/\",\"url\":\"https:\\\/\\\/wfc2024.akiquebec.org\\\/schedules\\\/\",\"name\":\"Event - 43rd IFPA WORLD FOOTBAG CHAMPIONSHIPS 2024\",\"isPartOf\":{\"@id\":\"https:\\\/\\\/wfc2024.akiquebec.org\\\/#website\"},\"primaryImageOfPage\":{\"@id\":\"https:\\\/\\\/wfc2024.akiquebec.org\\\/schedules\\\/#primaryimage\"},\"image\":{\"@id\":\"https:\\\/\\\/wfc2024.akiquebec.org\\\/schedules\\\/#primaryimage\"},\"thumbnailUrl\":\"https:\\\/\\\/wfc2024.akiquebec.org\\\/wp-content\\\/uploads\\\/2024\\\/05\\\/309599024_422854969985285_2729329484432983480_n.jpg\",\"datePublished\":\"2024-01-23T15:10:25+00:00\",\"dateModified\":\"2024-08-02T14:53:22+00:00\",\"breadcrumb\":{\"@id\":\"https:\\\/\\\/wfc2024.akiquebec.org\\\/schedules\\\/#breadcrumb\"},\"inLanguage\":\"fr-CA\",\"potentialAction\":[{\"@type\":\"ReadAction\",\"target\":[\"https:\\\/\\\/wfc2024.akiquebec.org\\\/schedules\\\/\"]}]},{\"@type\":\"ImageObject\",\"inLanguage\":\"fr-CA\",\"@id\":\"https:\\\/\\\/wfc2024.akiquebec.org\\\/schedules\\\/#primaryimage\",\"url\":\"https:\\\/\\\/wfc2024.akiquebec.org\\\/wp-content\\\/uploads\\\/2024\\\/05\\\/309599024_422854969985285_2729329484432983480_n.jpg\",\"contentUrl\":\"https:\\\/\\\/wfc2024.akiquebec.org\\\/wp-content\\\/uploads\\\/2024\\\/05\\\/309599024_422854969985285_2729329484432983480_n.jpg\"},{\"@type\":\"BreadcrumbList\",\"@id\":\"https:\\\/\\\/wfc2024.akiquebec.org\\\/schedules\\\/#breadcrumb\",\"itemListElement\":[{\"@type\":\"ListItem\",\"position\":1,\"name\":\"Home\",\"item\":\"https:\\\/\\\/wfc2024.akiquebec.org\\\/\"},{\"@type\":\"ListItem\",\"position\":2,\"name\":\"Event\"}]},{\"@type\":\"WebSite\",\"@id\":\"https:\\\/\\\/wfc2024.akiquebec.org\\\/#website\",\"url\":\"https:\\\/\\\/wfc2024.akiquebec.org\\\/\",\"name\":\"43rd IFPA WORLD FOOTBAG CHAMPIONSHIPS 2024\",\"description\":\"43rd IFPA WORLD FOOTBAG CHAMPIONSHIPS 2024\",\"potentialAction\":[{\"@type\":\"SearchAction\",\"target\":{\"@type\":\"EntryPoint\",\"urlTemplate\":\"https:\\\/\\\/wfc2024.akiquebec.org\\\/?s={search_term_string}\"},\"query-input\":{\"@type\":\"PropertyValueSpecification\",\"valueRequired\":true,\"valueName\":\"search_term_string\"}}],\"inLanguage\":\"fr-CA\"}]}<\/script>\n<!-- \/ Yoast SEO plugin. -->","yoast_head_json":{"title":"Event - 43rd IFPA WORLD FOOTBAG CHAMPIONSHIPS 2024","robots":{"index":"index","follow":"follow","max-snippet":"max-snippet:-1","max-image-preview":"max-image-preview:large","max-video-preview":"max-video-preview:-1"},"canonical":"https:\/\/wfc2024.akiquebec.org\/fr\/schedules\/","og_locale":"fr_CA","og_type":"article","og_title":"Event - 43rd IFPA WORLD FOOTBAG CHAMPIONSHIPS 2024","og_description":"Event schedule Get ready to witness the pinnacle of footbag athleticism at the upcoming 43rd IFPA Footbag World Championships ! As players from across the globe converge, expect an electrifying showcase of skill, speed, and precision. From lightning-fast \u201cspikes\u201d to jaw-dropping chore\u00ado\u00adgraph\u00ady, the competition promises non-stop action and excitement. Whether you\u2019re a seasoned fan or [&hellip;]","og_url":"https:\/\/wfc2024.akiquebec.org\/fr\/schedules\/","og_site_name":"43rd IFPA WORLD FOOTBAG CHAMPIONSHIPS 2024","article_modified_time":"2024-08-02T14:53:22+00:00","og_image":[{"url":"https:\/\/wfc2024.akiquebec.org\/wp-content\/uploads\/2024\/05\/309599024_422854969985285_2729329484432983480_n.jpg","type":"","width":"","height":""}],"twitter_card":"summary_large_image","twitter_misc":{"Estimation du temps de lecture":"1 minute"},"schema":{"@context":"https:\/\/schema.org","@graph":[{"@type":"WebPage","@id":"https:\/\/wfc2024.akiquebec.org\/schedules\/","url":"https:\/\/wfc2024.akiquebec.org\/schedules\/","name":"Event - 43rd IFPA WORLD FOOTBAG CHAMPIONSHIPS 2024","isPartOf":{"@id":"https:\/\/wfc2024.akiquebec.org\/#website"},"primaryImageOfPage":{"@id":"https:\/\/wfc2024.akiquebec.org\/schedules\/#primaryimage"},"image":{"@id":"https:\/\/wfc2024.akiquebec.org\/schedules\/#primaryimage"},"thumbnailUrl":"https:\/\/wfc2024.akiquebec.org\/wp-content\/uploads\/2024\/05\/309599024_422854969985285_2729329484432983480_n.jpg","datePublished":"2024-01-23T15:10:25+00:00","dateModified":"2024-08-02T14:53:22+00:00","breadcrumb":{"@id":"https:\/\/wfc2024.akiquebec.org\/schedules\/#breadcrumb"},"inLanguage":"fr-CA","potentialAction":[{"@type":"ReadAction","target":["https:\/\/wfc2024.akiquebec.org\/schedules\/"]}]},{"@type":"ImageObject","inLanguage":"fr-CA","@id":"https:\/\/wfc2024.akiquebec.org\/schedules\/#primaryimage","url":"https:\/\/wfc2024.akiquebec.org\/wp-content\/uploads\/2024\/05\/309599024_422854969985285_2729329484432983480_n.jpg","contentUrl":"https:\/\/wfc2024.akiquebec.org\/wp-content\/uploads\/2024\/05\/309599024_422854969985285_2729329484432983480_n.jpg"},{"@type":"BreadcrumbList","@id":"https:\/\/wfc2024.akiquebec.org\/schedules\/#breadcrumb","itemListElement":[{"@type":"ListItem","position":1,"name":"Home","item":"https:\/\/wfc2024.akiquebec.org\/"},{"@type":"ListItem","position":2,"name":"Event"}]},{"@type":"WebSite","@id":"https:\/\/wfc2024.akiquebec.org\/#website","url":"https:\/\/wfc2024.akiquebec.org\/","name":"CHAMPIONNATS DU MONDE DE FOOTBAG 2024","description":"CHAMPIONNATS DU MONDE DE FOOTBAG 2024","potentialAction":[{"@type":"SearchAction","target":{"@type":"EntryPoint","urlTemplate":"https:\/\/wfc2024.akiquebec.org\/?s={search_term_string}"},"query-input":{"@type":"PropertyValueSpecification","valueRequired":true,"valueName":"search_term_string"}}],"inLanguage":"fr-CA"}]}},"_links":{"self":[{"href":"https:\/\/wfc2024.akiquebec.org\/fr\/wp-json\/wp\/v2\/pages\/38","targetHints":{"allow":["GET"]}}],"collection":[{"href":"https:\/\/wfc2024.akiquebec.org\/fr\/wp-json\/wp\/v2\/pages"}],"about":[{"href":"https:\/\/wfc2024.akiquebec.org\/fr\/wp-json\/wp\/v2\/types\/page"}],"author":[{"embeddable":true,"href":"https:\/\/wfc2024.akiquebec.org\/fr\/wp-json\/wp\/v2\/users\/2"}],"replies":[{"embeddable":true,"href":"https:\/\/wfc2024.akiquebec.org\/fr\/wp-json\/wp\/v2\/comments?post=38"}],"version-history":[{"count":5,"href":"https:\/\/wfc2024.akiquebec.org\/fr\/wp-json\/wp\/v2\/pages\/38\/revisions"}],"predecessor-version":[{"id":735,"href":"https:\/\/wfc2024.akiquebec.org\/fr\/wp-json\/wp\/v2\/pages\/38\/revisions\/735"}],"wp:attachment":[{"href":"https:\/\/wfc2024.akiquebec.org\/fr\/wp-json\/wp\/v2\/media?parent=38"}],"curies":[{"name":"wp","href":"https:\/\/api.w.org\/{rel}","templated":true}]}}