{"id":49,"date":"2024-01-23T10:38:34","date_gmt":"2024-01-23T15:38:34","guid":{"rendered":"https:\/\/akiquebec.wordpress.com\/?page_id=49"},"modified":"2024-06-08T16:05:11","modified_gmt":"2024-06-08T16:05:11","slug":"footbag-sport","status":"publish","type":"page","link":"https:\/\/wfc2024.akiquebec.org\/fr\/footbag-sport\/","title":{"rendered":"Sport du footbag"},"content":{"rendered":"<p class=\"has-text-align-center has-body-font-family has-large-font-size wp-block-paragraph\" id=\"u795-4\" style=\"text-transform:uppercase\"><strong>SPORT DU FOOTBAG<\/strong><\/p>\n\n\n\n<p class=\"has-normal-font-size wp-block-paragraph\" id=\"u795-4\" style=\"margin-right:0;margin-left:0\">Le Footbag est un sport qui regroupe plusieurs diff\u00e9rentes disciplines et qui se pratique en frappant un sac ou une balle avec les pieds. Le Footbag a \u00e9t\u00e9 invent\u00e9 en 1972 en Am\u00e9rique du Nord et depuis ce temps il est un sport populaire jou\u00e9 dans le monde entier.<\/p>\n\n\n\n<p class=\"has-text-align-center wp-block-paragraph\" id=\"u795-40\"><strong>Foot\u00adbag Net<\/strong><\/p>\n\n\n\n<figure class=\"wp-block-image aligncenter size-full is-resized\"><img loading=\"lazy\" decoding=\"async\" width=\"604\" height=\"410\" src=\"https:\/\/wfc2024.akiquebec.org\/wp-content\/uploads\/2024\/01\/5490_1193847161237_5863465_n.jpg\" alt=\"\" class=\"wp-image-50\" style=\"box-shadow:var(--wp--preset--shadow--natural);width:532px;height:auto\" srcset=\"https:\/\/wfc2024.akiquebec.org\/wp-content\/uploads\/2024\/01\/5490_1193847161237_5863465_n.jpg 604w, https:\/\/wfc2024.akiquebec.org\/wp-content\/uploads\/2024\/01\/5490_1193847161237_5863465_n-300x204.jpg 300w\" sizes=\"auto, (max-width: 604px) 100vw, 604px\" \/><figcaption class=\"wp-element-caption\"><em>credit:Phipson<\/em><\/figcaption><\/figure>\n\n\n\n<p class=\"has-normal-font-size wp-block-paragraph\" id=\"u795-41\">Le Footbag net se joue en simple ou en double o\u00f9 les joueur\u00b7euse\u00b7s utilisent leurs pieds seulement (sous le genou) pour frapper le footbag de l\u2019autre c\u00f4t\u00e9 du filet. La taille du terrain (20' x 44') et la hauteur du filet (5') sont les m\u00eames qu\u2019au badminton. Les r\u00e8gles du double sont similaires au volley-ball: chaque \u00e9quipe a droit \u00e0 trois coups de pied altern\u00e9s pour renvoyer le footbag par-dessus le filet. En simple, cependant, chaque adversaire est autoris\u00e9 \u00e0 deux coups de pied maximum avant de renvoyer le footbag.<\/p>\n\n\n\n<p class=\"has-normal-font-size wp-block-paragraph\" id=\"u795-46\">La strat\u00e9gie de jeu ressemble \u00e0 celle du beach-volley : effectuer une r\u00e9ception d'un service, faire une passe pr\u00e8s du filet puis r\u00e9aliser une attaque vers le sol de l'\u00e9quipe adverse. Les bons joueur\u00b7euse\u00b7s offensifs\u00b7ives frappent le footbag tout en le dirigeant simultan\u00e9ment avec pr\u00e9cision \u00e0 un endroit vide du c\u00f4t\u00e9 de l\u2019adversaire. La d\u00e9fense se fait en bloquant les coups de l\u2019adversaire au-dessus du filet ou en se d\u00e9pla\u00e7ant rapidement pour intercepter le footbag avant qu\u2019il ne touche le sol, pour ensuite pr\u00e9parer la contre-attaque. Et seulement avec les pieds !<\/p>\n\n\n\n<p class=\"has-normal-font-size wp-block-paragraph\" id=\"u795-49\">Les meilleurs joueur\u00b7euse\u00b7s de footbag net sont des athl\u00e8tes exceptionnel\u00b7elle\u00b7s. Jouer au plus haut niveau n\u00e9cessite une coordination extr\u00eame du corps, de la rapidit\u00e9, de la souplesse et de l\u2019endurance. Et ce ne sont l\u00e0 que les exigences physiques. Une bonne lecture de jeu, la gestion de l\u2019\u00e9nergie et la concentration sont aussi des qualit\u00e9s extr\u00eamement importantes.<\/p>\n\n\n\n<p class=\"has-text-align-center wp-block-paragraph\" id=\"u795-10\"><strong>Footbag freestyle<\/strong><\/p>\n\n\n\n<figure class=\"wp-block-image aligncenter size-large\"><img loading=\"lazy\" decoding=\"async\" width=\"560\" height=\"259\" src=\"https:\/\/wfc2024.akiquebec.org\/wp-content\/uploads\/2024\/01\/freestyle_women-1.png?w=560\" alt=\"\" class=\"wp-image-52\" style=\"box-shadow:var(--wp--preset--shadow--natural)\" srcset=\"https:\/\/wfc2024.akiquebec.org\/wp-content\/uploads\/2024\/01\/freestyle_women-1.png 560w, https:\/\/wfc2024.akiquebec.org\/wp-content\/uploads\/2024\/01\/freestyle_women-1-300x139.png 300w\" sizes=\"auto, (max-width: 560px) 100vw, 560px\" \/><figcaption class=\"wp-element-caption\"><em>credit:Phipson<\/em><\/figcaption><\/figure>\n\n\n\n<p class=\"has-normal-font-size wp-block-paragraph\" id=\"u795-11\">Le Footbag freestyle est une discipline o\u00f9 l\u2019objet est d\u2019effectuer des enchainements de figures avec le footbag. Il a \u00e9volu\u00e9 pour devenir une discipline concurrentielle tr\u00e8s technique ax\u00e9e sur la pr\u00e9cision du geste. Les joueur\u00b7euse\u00b7s s\u2019affrontent surtout par chor\u00e9graphies, appel\u00e9es routines, r\u00e9alisant des combinaisons sur de la musique comme dans le patinage artistique. Les routines sont jug\u00e9es selon quatre axes: la pr\u00e9sentation, la difficult\u00e9, la vari\u00e9t\u00e9 et l\u2019ex\u00e9cution. <\/p>\n\n\n\n<p class=\"has-normal-font-size wp-block-paragraph\" id=\"u795-15\">D\u2019autres formes de concurrence, telles que le battle, le circle, le sick-3 ou le request, et de non-concurrence comme le shredding existent. Les joueur\u00b7euse\u00b7s tentent d\u2019effectuer autant de combinaisons d\u2019une certaine valeur donn\u00e9e de suite que possible. Ils tentent \u00e9galement de montrer la vari\u00e9t\u00e9 de figures dans leur r\u00e9pertoire.<\/p>\n\n\n\n<p class=\"has-normal-font-size wp-block-paragraph\" id=\"u795-18\">Chaque mouvement ou figure en freestyle footbag a une cote de difficult\u00e9 d\u00e9terminable. La difficult\u00e9 de chaque mouvement est ajout\u00e9e, et le total est divis\u00e9 par le nombre de coups tent\u00e9 et compl\u00e9t\u00e9 de la routine pour d\u00e9terminer la difficult\u00e9 moyenne. La difficult\u00e9 est mesur\u00e9e en adds, qui repr\u00e9sentent des niveaux suppl\u00e9mentaires de difficult\u00e9 au-del\u00e0 des mouvements de base.<\/p>","protected":false},"excerpt":{"rendered":"<p>FOOTBAG SPORT Foot\u00adbag is a group of sports based on kick\u00ading a small round bag or ball with the legs of the player. In its today\u2019s form Foot\u00adbag was invented in 1972 in North Amer\u00adica and since that time it\u2019s been evolv\u00ading into a pop\u00adu\u00adlar sport played all over the world. Foot\u00adbag Net Foot\u00adbag net [&hellip;]<\/p>\n","protected":false},"author":2,"featured_media":0,"parent":0,"menu_order":0,"comment_status":"closed","ping_status":"closed","template":"","meta":{"_crdt_document":"","footnotes":""},"class_list":["post-49","page","type-page","status-publish","hentry"],"yoast_head":"<!-- This site is optimized with the Yoast SEO plugin v27.6 - https:\/\/yoast.com\/product\/yoast-seo-wordpress\/ -->\n<title>Footbag sport - 43rd IFPA WORLD FOOTBAG CHAMPIONSHIPS 2024<\/title>\n<meta name=\"robots\" content=\"index, follow, max-snippet:-1, max-image-preview:large, max-video-preview:-1\" \/>\n<link rel=\"canonical\" href=\"https:\/\/wfc2024.akiquebec.org\/fr\/footbag-sport\/\" \/>\n<meta property=\"og:locale\" content=\"fr_CA\" \/>\n<meta property=\"og:type\" content=\"article\" \/>\n<meta property=\"og:title\" content=\"Footbag sport - 43rd IFPA WORLD FOOTBAG CHAMPIONSHIPS 2024\" \/>\n<meta property=\"og:description\" content=\"FOOTBAG SPORT Foot\u00adbag is a group of sports based on kick\u00ading a small round bag or ball with the legs of the player. In its today\u2019s form Foot\u00adbag was invented in 1972 in North Amer\u00adica and since that time it\u2019s been evolv\u00ading into a pop\u00adu\u00adlar sport played all over the world. Foot\u00adbag Net Foot\u00adbag net [&hellip;]\" \/>\n<meta property=\"og:url\" content=\"https:\/\/wfc2024.akiquebec.org\/fr\/footbag-sport\/\" \/>\n<meta property=\"og:site_name\" content=\"43rd IFPA WORLD FOOTBAG CHAMPIONSHIPS 2024\" \/>\n<meta property=\"article:modified_time\" content=\"2024-06-08T16:05:11+00:00\" \/>\n<meta property=\"og:image\" content=\"https:\/\/wfc2024.akiquebec.org\/wp-content\/uploads\/2024\/01\/5490_1193847161237_5863465_n.jpg\" \/>\n<meta name=\"twitter:card\" content=\"summary_large_image\" \/>\n<meta name=\"twitter:label1\" content=\"Estimation du temps de lecture\" \/>\n\t<meta name=\"twitter:data1\" content=\"3 minutes\" \/>\n<script type=\"application\/ld+json\" class=\"yoast-schema-graph\">{\"@context\":\"https:\\\/\\\/schema.org\",\"@graph\":[{\"@type\":\"WebPage\",\"@id\":\"https:\\\/\\\/wfc2024.akiquebec.org\\\/footbag-sport\\\/\",\"url\":\"https:\\\/\\\/wfc2024.akiquebec.org\\\/footbag-sport\\\/\",\"name\":\"Footbag sport - 43rd IFPA WORLD FOOTBAG CHAMPIONSHIPS 2024\",\"isPartOf\":{\"@id\":\"https:\\\/\\\/wfc2024.akiquebec.org\\\/#website\"},\"primaryImageOfPage\":{\"@id\":\"https:\\\/\\\/wfc2024.akiquebec.org\\\/footbag-sport\\\/#primaryimage\"},\"image\":{\"@id\":\"https:\\\/\\\/wfc2024.akiquebec.org\\\/footbag-sport\\\/#primaryimage\"},\"thumbnailUrl\":\"https:\\\/\\\/wfc2024.akiquebec.org\\\/wp-content\\\/uploads\\\/2024\\\/01\\\/5490_1193847161237_5863465_n.jpg\",\"datePublished\":\"2024-01-23T15:38:34+00:00\",\"dateModified\":\"2024-06-08T16:05:11+00:00\",\"breadcrumb\":{\"@id\":\"https:\\\/\\\/wfc2024.akiquebec.org\\\/footbag-sport\\\/#breadcrumb\"},\"inLanguage\":\"fr-CA\",\"potentialAction\":[{\"@type\":\"ReadAction\",\"target\":[\"https:\\\/\\\/wfc2024.akiquebec.org\\\/footbag-sport\\\/\"]}]},{\"@type\":\"ImageObject\",\"inLanguage\":\"fr-CA\",\"@id\":\"https:\\\/\\\/wfc2024.akiquebec.org\\\/footbag-sport\\\/#primaryimage\",\"url\":\"https:\\\/\\\/wfc2024.akiquebec.org\\\/wp-content\\\/uploads\\\/2024\\\/01\\\/5490_1193847161237_5863465_n.jpg\",\"contentUrl\":\"https:\\\/\\\/wfc2024.akiquebec.org\\\/wp-content\\\/uploads\\\/2024\\\/01\\\/5490_1193847161237_5863465_n.jpg\"},{\"@type\":\"BreadcrumbList\",\"@id\":\"https:\\\/\\\/wfc2024.akiquebec.org\\\/footbag-sport\\\/#breadcrumb\",\"itemListElement\":[{\"@type\":\"ListItem\",\"position\":1,\"name\":\"Home\",\"item\":\"https:\\\/\\\/wfc2024.akiquebec.org\\\/\"},{\"@type\":\"ListItem\",\"position\":2,\"name\":\"Footbag sport\"}]},{\"@type\":\"WebSite\",\"@id\":\"https:\\\/\\\/wfc2024.akiquebec.org\\\/#website\",\"url\":\"https:\\\/\\\/wfc2024.akiquebec.org\\\/\",\"name\":\"43rd IFPA WORLD FOOTBAG CHAMPIONSHIPS 2024\",\"description\":\"43rd IFPA WORLD FOOTBAG CHAMPIONSHIPS 2024\",\"potentialAction\":[{\"@type\":\"SearchAction\",\"target\":{\"@type\":\"EntryPoint\",\"urlTemplate\":\"https:\\\/\\\/wfc2024.akiquebec.org\\\/?s={search_term_string}\"},\"query-input\":{\"@type\":\"PropertyValueSpecification\",\"valueRequired\":true,\"valueName\":\"search_term_string\"}}],\"inLanguage\":\"fr-CA\"}]}<\/script>\n<!-- \/ Yoast SEO plugin. -->","yoast_head_json":{"title":"Footbag sport - 43rd IFPA WORLD FOOTBAG CHAMPIONSHIPS 2024","robots":{"index":"index","follow":"follow","max-snippet":"max-snippet:-1","max-image-preview":"max-image-preview:large","max-video-preview":"max-video-preview:-1"},"canonical":"https:\/\/wfc2024.akiquebec.org\/fr\/footbag-sport\/","og_locale":"fr_CA","og_type":"article","og_title":"Footbag sport - 43rd IFPA WORLD FOOTBAG CHAMPIONSHIPS 2024","og_description":"FOOTBAG SPORT Foot\u00adbag is a group of sports based on kick\u00ading a small round bag or ball with the legs of the player. In its today\u2019s form Foot\u00adbag was invented in 1972 in North Amer\u00adica and since that time it\u2019s been evolv\u00ading into a pop\u00adu\u00adlar sport played all over the world. Foot\u00adbag Net Foot\u00adbag net [&hellip;]","og_url":"https:\/\/wfc2024.akiquebec.org\/fr\/footbag-sport\/","og_site_name":"43rd IFPA WORLD FOOTBAG CHAMPIONSHIPS 2024","article_modified_time":"2024-06-08T16:05:11+00:00","og_image":[{"url":"https:\/\/wfc2024.akiquebec.org\/wp-content\/uploads\/2024\/01\/5490_1193847161237_5863465_n.jpg","type":"","width":"","height":""}],"twitter_card":"summary_large_image","twitter_misc":{"Estimation du temps de lecture":"3 minutes"},"schema":{"@context":"https:\/\/schema.org","@graph":[{"@type":"WebPage","@id":"https:\/\/wfc2024.akiquebec.org\/footbag-sport\/","url":"https:\/\/wfc2024.akiquebec.org\/footbag-sport\/","name":"Footbag sport - 43rd IFPA WORLD FOOTBAG CHAMPIONSHIPS 2024","isPartOf":{"@id":"https:\/\/wfc2024.akiquebec.org\/#website"},"primaryImageOfPage":{"@id":"https:\/\/wfc2024.akiquebec.org\/footbag-sport\/#primaryimage"},"image":{"@id":"https:\/\/wfc2024.akiquebec.org\/footbag-sport\/#primaryimage"},"thumbnailUrl":"https:\/\/wfc2024.akiquebec.org\/wp-content\/uploads\/2024\/01\/5490_1193847161237_5863465_n.jpg","datePublished":"2024-01-23T15:38:34+00:00","dateModified":"2024-06-08T16:05:11+00:00","breadcrumb":{"@id":"https:\/\/wfc2024.akiquebec.org\/footbag-sport\/#breadcrumb"},"inLanguage":"fr-CA","potentialAction":[{"@type":"ReadAction","target":["https:\/\/wfc2024.akiquebec.org\/footbag-sport\/"]}]},{"@type":"ImageObject","inLanguage":"fr-CA","@id":"https:\/\/wfc2024.akiquebec.org\/footbag-sport\/#primaryimage","url":"https:\/\/wfc2024.akiquebec.org\/wp-content\/uploads\/2024\/01\/5490_1193847161237_5863465_n.jpg","contentUrl":"https:\/\/wfc2024.akiquebec.org\/wp-content\/uploads\/2024\/01\/5490_1193847161237_5863465_n.jpg"},{"@type":"BreadcrumbList","@id":"https:\/\/wfc2024.akiquebec.org\/footbag-sport\/#breadcrumb","itemListElement":[{"@type":"ListItem","position":1,"name":"Home","item":"https:\/\/wfc2024.akiquebec.org\/"},{"@type":"ListItem","position":2,"name":"Footbag sport"}]},{"@type":"WebSite","@id":"https:\/\/wfc2024.akiquebec.org\/#website","url":"https:\/\/wfc2024.akiquebec.org\/","name":"CHAMPIONNATS DU MONDE DE FOOTBAG 2024","description":"CHAMPIONNATS DU MONDE DE FOOTBAG 2024","potentialAction":[{"@type":"SearchAction","target":{"@type":"EntryPoint","urlTemplate":"https:\/\/wfc2024.akiquebec.org\/?s={search_term_string}"},"query-input":{"@type":"PropertyValueSpecification","valueRequired":true,"valueName":"search_term_string"}}],"inLanguage":"fr-CA"}]}},"_links":{"self":[{"href":"https:\/\/wfc2024.akiquebec.org\/fr\/wp-json\/wp\/v2\/pages\/49","targetHints":{"allow":["GET"]}}],"collection":[{"href":"https:\/\/wfc2024.akiquebec.org\/fr\/wp-json\/wp\/v2\/pages"}],"about":[{"href":"https:\/\/wfc2024.akiquebec.org\/fr\/wp-json\/wp\/v2\/types\/page"}],"author":[{"embeddable":true,"href":"https:\/\/wfc2024.akiquebec.org\/fr\/wp-json\/wp\/v2\/users\/2"}],"replies":[{"embeddable":true,"href":"https:\/\/wfc2024.akiquebec.org\/fr\/wp-json\/wp\/v2\/comments?post=49"}],"version-history":[{"count":5,"href":"https:\/\/wfc2024.akiquebec.org\/fr\/wp-json\/wp\/v2\/pages\/49\/revisions"}],"predecessor-version":[{"id":215,"href":"https:\/\/wfc2024.akiquebec.org\/fr\/wp-json\/wp\/v2\/pages\/49\/revisions\/215"}],"wp:attachment":[{"href":"https:\/\/wfc2024.akiquebec.org\/fr\/wp-json\/wp\/v2\/media?parent=49"}],"curies":[{"name":"wp","href":"https:\/\/api.w.org\/{rel}","templated":true}]}}