{"id":60,"date":"2024-01-23T11:00:19","date_gmt":"2024-01-23T16:00:19","guid":{"rendered":"https:\/\/akiquebec.wordpress.com\/?page_id=60"},"modified":"2024-06-08T15:56:09","modified_gmt":"2024-06-08T15:56:09","slug":"transportation","status":"publish","type":"page","link":"https:\/\/wfc2024.akiquebec.org\/fr\/transportation\/","title":{"rendered":"Transport"},"content":{"rendered":"<p class=\"has-text-align-center has-large-font-size wp-block-paragraph\"><strong>Transport<\/strong><\/p>\n\n\n\n<figure class=\"wp-block-image size-large\"><img loading=\"lazy\" decoding=\"async\" width=\"800\" height=\"398\" src=\"https:\/\/wfc2024.akiquebec.org\/wp-content\/uploads\/2024\/01\/montreal21.jpg?w=800\" alt=\"\" class=\"wp-image-61\" style=\"box-shadow:var(--wp--preset--shadow--natural)\" srcset=\"https:\/\/wfc2024.akiquebec.org\/wp-content\/uploads\/2024\/01\/montreal21.jpg 800w, https:\/\/wfc2024.akiquebec.org\/wp-content\/uploads\/2024\/01\/montreal21-300x149.jpg 300w, https:\/\/wfc2024.akiquebec.org\/wp-content\/uploads\/2024\/01\/montreal21-768x382.jpg 768w\" sizes=\"auto, (max-width: 800px) 100vw, 800px\" \/><\/figure>\n\n\n\n<p class=\"wp-block-paragraph\">En utilisant les transports en commun et le syst\u00e8me de partage de v\u00e9los BIXI, le d\u00e9placement \u00e0 Montr\u00e9al est efficace, offrant aux visiteurs un acc\u00e8s facile pour explorer les diff\u00e9rents quartiers et ses attractions. La Soci\u00e9t\u00e9 de transport de Montr\u00e9al (STM) exploite un vaste r\u00e9seau d'autobus et de lignes de m\u00e9tro, ce qui simplifie la navigation en ville. Les visiteurs peuvent acheter des billets simples ou opter pour des d\u00e9placements illimit\u00e9s avec un laissez-passer d'une journ\u00e9e ou multi-jours - nous vous recommandant de vous procurer une passe hebdomadaire pour la dur\u00e9e des Championnats.<\/p>\n\n\n\n<p class=\"wp-block-paragraph\">Voici un lien vers le site de la STM.<\/p>\n\n\n\n<p class=\"wp-block-paragraph\"><a href=\"https:\/\/www.stm.info\/fr\">https:\/\/www.stm.info\/fr<\/a><\/p>\n\n\n\n<p class=\"wp-block-paragraph\">Voici un lien vers le site de Bixi.<\/p>\n\n\n\n<figure class=\"wp-block-embed is-type-wp-embed is-provider-bixi-montr-al wp-block-embed-bixi-montr-al\"><div class=\"wp-block-embed__wrapper\">\n<blockquote class=\"wp-embedded-content\" data-secret=\"W9HSG3RDto\"><a href=\"https:\/\/bixi.com\/fr\/\">Accueil<\/a><\/blockquote><iframe loading=\"lazy\" class=\"wp-embedded-content\" sandbox=\"allow-scripts\" security=\"restricted\" style=\"position: absolute; clip: rect(1px, 1px, 1px, 1px);\" title=\"\u00ab\u00a0Accueil\u00a0\u00bb &#8212; BIXI Montr\u00e9al\" src=\"https:\/\/bixi.com\/fr\/embed\/#?secret=XzHnB2wEml#?secret=W9HSG3RDto\" data-secret=\"W9HSG3RDto\" width=\"500\" height=\"282\" frameborder=\"0\" marginwidth=\"0\" marginheight=\"0\" scrolling=\"no\"><\/iframe>\n<\/div><\/figure>\n\n\n\n<p class=\"wp-block-paragraph\">Il y a aussi les taxis et Uber qui sont facilement accessibles \u00e0 toute heure dans toute la ville.<\/p>","protected":false},"excerpt":{"rendered":"<p>Transportation Getting around Montreal using public transportation and the BIXI bike sharing system is convenient and efficient, providing visitors with easy access to explore the city. The Soci\u00e9t\u00e9 de transport de Montr\u00e9al (STM) operates an extensive network of buses and metro lines, making it simple to navigate the city. You can purchase single fares or [&hellip;]<\/p>\n","protected":false},"author":2,"featured_media":0,"parent":0,"menu_order":0,"comment_status":"closed","ping_status":"closed","template":"","meta":{"_crdt_document":"","footnotes":""},"class_list":["post-60","page","type-page","status-publish","hentry"],"yoast_head":"<!-- This site is optimized with the Yoast SEO plugin v27.6 - https:\/\/yoast.com\/product\/yoast-seo-wordpress\/ -->\n<title>Transportation - 43rd IFPA WORLD FOOTBAG CHAMPIONSHIPS 2024<\/title>\n<meta name=\"robots\" content=\"index, follow, max-snippet:-1, max-image-preview:large, max-video-preview:-1\" \/>\n<link rel=\"canonical\" href=\"https:\/\/wfc2024.akiquebec.org\/fr\/transportation\/\" \/>\n<meta property=\"og:locale\" content=\"fr_CA\" \/>\n<meta property=\"og:type\" content=\"article\" \/>\n<meta property=\"og:title\" content=\"Transportation - 43rd IFPA WORLD FOOTBAG CHAMPIONSHIPS 2024\" \/>\n<meta property=\"og:description\" content=\"Transportation Getting around Montreal using public transportation and the BIXI bike sharing system is convenient and efficient, providing visitors with easy access to explore the city. The Soci\u00e9t\u00e9 de transport de Montr\u00e9al (STM) operates an extensive network of buses and metro lines, making it simple to navigate the city. You can purchase single fares or [&hellip;]\" \/>\n<meta property=\"og:url\" content=\"https:\/\/wfc2024.akiquebec.org\/fr\/transportation\/\" \/>\n<meta property=\"og:site_name\" content=\"43rd IFPA WORLD FOOTBAG CHAMPIONSHIPS 2024\" \/>\n<meta property=\"article:modified_time\" content=\"2024-06-08T15:56:09+00:00\" \/>\n<meta property=\"og:image\" content=\"https:\/\/wfc2024.akiquebec.org\/wp-content\/uploads\/2024\/01\/montreal21.jpg?w=800\" \/>\n<meta name=\"twitter:card\" content=\"summary_large_image\" \/>\n<meta name=\"twitter:label1\" content=\"Estimation du temps de lecture\" \/>\n\t<meta name=\"twitter:data1\" content=\"1 minute\" \/>\n<script type=\"application\/ld+json\" class=\"yoast-schema-graph\">{\"@context\":\"https:\\\/\\\/schema.org\",\"@graph\":[{\"@type\":\"WebPage\",\"@id\":\"https:\\\/\\\/wfc2024.akiquebec.org\\\/transportation\\\/\",\"url\":\"https:\\\/\\\/wfc2024.akiquebec.org\\\/transportation\\\/\",\"name\":\"Transportation - 43rd IFPA WORLD FOOTBAG CHAMPIONSHIPS 2024\",\"isPartOf\":{\"@id\":\"https:\\\/\\\/wfc2024.akiquebec.org\\\/#website\"},\"primaryImageOfPage\":{\"@id\":\"https:\\\/\\\/wfc2024.akiquebec.org\\\/transportation\\\/#primaryimage\"},\"image\":{\"@id\":\"https:\\\/\\\/wfc2024.akiquebec.org\\\/transportation\\\/#primaryimage\"},\"thumbnailUrl\":\"https:\\\/\\\/wfc2024.akiquebec.org\\\/wp-content\\\/uploads\\\/2024\\\/01\\\/montreal21.jpg?w=800\",\"datePublished\":\"2024-01-23T16:00:19+00:00\",\"dateModified\":\"2024-06-08T15:56:09+00:00\",\"breadcrumb\":{\"@id\":\"https:\\\/\\\/wfc2024.akiquebec.org\\\/transportation\\\/#breadcrumb\"},\"inLanguage\":\"fr-CA\",\"potentialAction\":[{\"@type\":\"ReadAction\",\"target\":[\"https:\\\/\\\/wfc2024.akiquebec.org\\\/transportation\\\/\"]}]},{\"@type\":\"ImageObject\",\"inLanguage\":\"fr-CA\",\"@id\":\"https:\\\/\\\/wfc2024.akiquebec.org\\\/transportation\\\/#primaryimage\",\"url\":\"https:\\\/\\\/wfc2024.akiquebec.org\\\/wp-content\\\/uploads\\\/2024\\\/01\\\/montreal21.jpg?w=800\",\"contentUrl\":\"https:\\\/\\\/wfc2024.akiquebec.org\\\/wp-content\\\/uploads\\\/2024\\\/01\\\/montreal21.jpg?w=800\"},{\"@type\":\"BreadcrumbList\",\"@id\":\"https:\\\/\\\/wfc2024.akiquebec.org\\\/transportation\\\/#breadcrumb\",\"itemListElement\":[{\"@type\":\"ListItem\",\"position\":1,\"name\":\"Home\",\"item\":\"https:\\\/\\\/wfc2024.akiquebec.org\\\/\"},{\"@type\":\"ListItem\",\"position\":2,\"name\":\"Transportation\"}]},{\"@type\":\"WebSite\",\"@id\":\"https:\\\/\\\/wfc2024.akiquebec.org\\\/#website\",\"url\":\"https:\\\/\\\/wfc2024.akiquebec.org\\\/\",\"name\":\"43rd IFPA WORLD FOOTBAG CHAMPIONSHIPS 2024\",\"description\":\"43rd IFPA WORLD FOOTBAG CHAMPIONSHIPS 2024\",\"potentialAction\":[{\"@type\":\"SearchAction\",\"target\":{\"@type\":\"EntryPoint\",\"urlTemplate\":\"https:\\\/\\\/wfc2024.akiquebec.org\\\/?s={search_term_string}\"},\"query-input\":{\"@type\":\"PropertyValueSpecification\",\"valueRequired\":true,\"valueName\":\"search_term_string\"}}],\"inLanguage\":\"fr-CA\"}]}<\/script>\n<!-- \/ Yoast SEO plugin. -->","yoast_head_json":{"title":"Transportation - 43rd IFPA WORLD FOOTBAG CHAMPIONSHIPS 2024","robots":{"index":"index","follow":"follow","max-snippet":"max-snippet:-1","max-image-preview":"max-image-preview:large","max-video-preview":"max-video-preview:-1"},"canonical":"https:\/\/wfc2024.akiquebec.org\/fr\/transportation\/","og_locale":"fr_CA","og_type":"article","og_title":"Transportation - 43rd IFPA WORLD FOOTBAG CHAMPIONSHIPS 2024","og_description":"Transportation Getting around Montreal using public transportation and the BIXI bike sharing system is convenient and efficient, providing visitors with easy access to explore the city. The Soci\u00e9t\u00e9 de transport de Montr\u00e9al (STM) operates an extensive network of buses and metro lines, making it simple to navigate the city. You can purchase single fares or [&hellip;]","og_url":"https:\/\/wfc2024.akiquebec.org\/fr\/transportation\/","og_site_name":"43rd IFPA WORLD FOOTBAG CHAMPIONSHIPS 2024","article_modified_time":"2024-06-08T15:56:09+00:00","og_image":[{"url":"https:\/\/wfc2024.akiquebec.org\/wp-content\/uploads\/2024\/01\/montreal21.jpg?w=800","type":"","width":"","height":""}],"twitter_card":"summary_large_image","twitter_misc":{"Estimation du temps de lecture":"1 minute"},"schema":{"@context":"https:\/\/schema.org","@graph":[{"@type":"WebPage","@id":"https:\/\/wfc2024.akiquebec.org\/transportation\/","url":"https:\/\/wfc2024.akiquebec.org\/transportation\/","name":"Transportation - 43rd IFPA WORLD FOOTBAG CHAMPIONSHIPS 2024","isPartOf":{"@id":"https:\/\/wfc2024.akiquebec.org\/#website"},"primaryImageOfPage":{"@id":"https:\/\/wfc2024.akiquebec.org\/transportation\/#primaryimage"},"image":{"@id":"https:\/\/wfc2024.akiquebec.org\/transportation\/#primaryimage"},"thumbnailUrl":"https:\/\/wfc2024.akiquebec.org\/wp-content\/uploads\/2024\/01\/montreal21.jpg?w=800","datePublished":"2024-01-23T16:00:19+00:00","dateModified":"2024-06-08T15:56:09+00:00","breadcrumb":{"@id":"https:\/\/wfc2024.akiquebec.org\/transportation\/#breadcrumb"},"inLanguage":"fr-CA","potentialAction":[{"@type":"ReadAction","target":["https:\/\/wfc2024.akiquebec.org\/transportation\/"]}]},{"@type":"ImageObject","inLanguage":"fr-CA","@id":"https:\/\/wfc2024.akiquebec.org\/transportation\/#primaryimage","url":"https:\/\/wfc2024.akiquebec.org\/wp-content\/uploads\/2024\/01\/montreal21.jpg?w=800","contentUrl":"https:\/\/wfc2024.akiquebec.org\/wp-content\/uploads\/2024\/01\/montreal21.jpg?w=800"},{"@type":"BreadcrumbList","@id":"https:\/\/wfc2024.akiquebec.org\/transportation\/#breadcrumb","itemListElement":[{"@type":"ListItem","position":1,"name":"Home","item":"https:\/\/wfc2024.akiquebec.org\/"},{"@type":"ListItem","position":2,"name":"Transportation"}]},{"@type":"WebSite","@id":"https:\/\/wfc2024.akiquebec.org\/#website","url":"https:\/\/wfc2024.akiquebec.org\/","name":"CHAMPIONNATS DU MONDE DE FOOTBAG 2024","description":"CHAMPIONNATS DU MONDE DE FOOTBAG 2024","potentialAction":[{"@type":"SearchAction","target":{"@type":"EntryPoint","urlTemplate":"https:\/\/wfc2024.akiquebec.org\/?s={search_term_string}"},"query-input":{"@type":"PropertyValueSpecification","valueRequired":true,"valueName":"search_term_string"}}],"inLanguage":"fr-CA"}]}},"_links":{"self":[{"href":"https:\/\/wfc2024.akiquebec.org\/fr\/wp-json\/wp\/v2\/pages\/60","targetHints":{"allow":["GET"]}}],"collection":[{"href":"https:\/\/wfc2024.akiquebec.org\/fr\/wp-json\/wp\/v2\/pages"}],"about":[{"href":"https:\/\/wfc2024.akiquebec.org\/fr\/wp-json\/wp\/v2\/types\/page"}],"author":[{"embeddable":true,"href":"https:\/\/wfc2024.akiquebec.org\/fr\/wp-json\/wp\/v2\/users\/2"}],"replies":[{"embeddable":true,"href":"https:\/\/wfc2024.akiquebec.org\/fr\/wp-json\/wp\/v2\/comments?post=60"}],"version-history":[{"count":5,"href":"https:\/\/wfc2024.akiquebec.org\/fr\/wp-json\/wp\/v2\/pages\/60\/revisions"}],"predecessor-version":[{"id":337,"href":"https:\/\/wfc2024.akiquebec.org\/fr\/wp-json\/wp\/v2\/pages\/60\/revisions\/337"}],"wp:attachment":[{"href":"https:\/\/wfc2024.akiquebec.org\/fr\/wp-json\/wp\/v2\/media?parent=60"}],"curies":[{"name":"wp","href":"https:\/\/api.w.org\/{rel}","templated":true}]}}