{"id":65,"date":"2024-01-23T11:35:45","date_gmt":"2024-01-23T16:35:45","guid":{"rendered":"https:\/\/akiquebec.wordpress.com\/?page_id=65"},"modified":"2024-06-07T22:49:20","modified_gmt":"2024-06-07T22:49:20","slug":"how-to-get-there","status":"publish","type":"page","link":"https:\/\/wfc2024.akiquebec.org\/fr\/how-to-get-there\/","title":{"rendered":"Comment s'y rendre"},"content":{"rendered":"<p class=\"has-text-align-center has-large-font-size wp-block-paragraph\"><strong>How-to-get there<\/strong><\/p>\n\n\n\n<p class=\"wp-block-paragraph\">\u00c0 partir de l'a\u00e9roport vous avez deux possibilit\u00e9s pour vous rendre au site.<\/p>\n\n\n\n<p class=\"wp-block-paragraph\">-En bus: l\u2019autobus 747 vous m\u00e8nera au centre-ville(stations de m\u00e9tro Lionel-Groulx ou Berri-UQAM) pour 11$, c\u2019est la solution la moins ch\u00e8re et vous aurez une passe de 24h  pour n\u2019importe o\u00f9 dans la ville en bus et metro.  Voici plus d'informations :<\/p>\n\n\n\n<p class=\"wp-block-paragraph\"><a href=\"http:\/\/www.stm.info\/english\/info\/a-747.htm\" target=\"_blank\" rel=\"noreferrer noopener\">http:\/\/www.stm.info\/english\/info\/a-747.htm<\/a><\/p>\n\n\n\n<p class=\"wp-block-paragraph\"><a href=\"http:\/\/www.admtl.com\/Passengers\/AccessAndParking\/STMBuses.aspx\" target=\"_blank\" rel=\"noreferrer noopener\">http:\/\/www.admtl.com\/Passengers\/AccessAndParking\/STMBuses.aspx<\/a><\/p>\n\n\n\n<p class=\"wp-block-paragraph\">\u2013 Taxi, bien s\u00fbr ! prix fixe de 48$ pour vous rendre au centre-ville.<\/p>","protected":false},"excerpt":{"rendered":"<p>How-to-get there From the airport you have 2 possibilities to get to the site event. \u2013 By bus.The 747 bus will get you to the city center for 11$, this is the cheapest solution and you\u2019ll have a 24hrs pass for anywhere in the city. Here the infos sites : http:\/\/www.stm.info\/english\/info\/a-747.htm http:\/\/www.admtl.com\/Passengers\/AccessAndParking\/STMBuses.aspx \u2013 Taxi, of [&hellip;]<\/p>\n","protected":false},"author":2,"featured_media":0,"parent":0,"menu_order":0,"comment_status":"closed","ping_status":"closed","template":"","meta":{"_crdt_document":"","footnotes":""},"class_list":["post-65","page","type-page","status-publish","hentry"],"yoast_head":"<!-- This site is optimized with the Yoast SEO plugin v27.6 - https:\/\/yoast.com\/product\/yoast-seo-wordpress\/ -->\n<title>How-to-get-there - 43rd IFPA WORLD FOOTBAG CHAMPIONSHIPS 2024<\/title>\n<meta name=\"robots\" content=\"index, follow, max-snippet:-1, max-image-preview:large, max-video-preview:-1\" \/>\n<link rel=\"canonical\" href=\"https:\/\/wfc2024.akiquebec.org\/fr\/how-to-get-there\/\" \/>\n<meta property=\"og:locale\" content=\"fr_CA\" \/>\n<meta property=\"og:type\" content=\"article\" \/>\n<meta property=\"og:title\" content=\"How-to-get-there - 43rd IFPA WORLD FOOTBAG CHAMPIONSHIPS 2024\" \/>\n<meta property=\"og:description\" content=\"How-to-get there From the airport you have 2 possibilities to get to the site event. \u2013 By bus.The 747 bus will get you to the city center for 11$, this is the cheapest solution and you\u2019ll have a 24hrs pass for anywhere in the city. Here the infos sites : http:\/\/www.stm.info\/english\/info\/a-747.htm http:\/\/www.admtl.com\/Passengers\/AccessAndParking\/STMBuses.aspx \u2013 Taxi, of [&hellip;]\" \/>\n<meta property=\"og:url\" content=\"https:\/\/wfc2024.akiquebec.org\/fr\/how-to-get-there\/\" \/>\n<meta property=\"og:site_name\" content=\"43rd IFPA WORLD FOOTBAG CHAMPIONSHIPS 2024\" \/>\n<meta property=\"article:modified_time\" content=\"2024-06-07T22:49:20+00:00\" \/>\n<meta name=\"twitter:card\" content=\"summary_large_image\" \/>\n<script type=\"application\/ld+json\" class=\"yoast-schema-graph\">{\"@context\":\"https:\\\/\\\/schema.org\",\"@graph\":[{\"@type\":\"WebPage\",\"@id\":\"https:\\\/\\\/wfc2024.akiquebec.org\\\/how-to-get-there\\\/\",\"url\":\"https:\\\/\\\/wfc2024.akiquebec.org\\\/how-to-get-there\\\/\",\"name\":\"How-to-get-there - 43rd IFPA WORLD FOOTBAG CHAMPIONSHIPS 2024\",\"isPartOf\":{\"@id\":\"https:\\\/\\\/wfc2024.akiquebec.org\\\/#website\"},\"datePublished\":\"2024-01-23T16:35:45+00:00\",\"dateModified\":\"2024-06-07T22:49:20+00:00\",\"breadcrumb\":{\"@id\":\"https:\\\/\\\/wfc2024.akiquebec.org\\\/how-to-get-there\\\/#breadcrumb\"},\"inLanguage\":\"fr-CA\",\"potentialAction\":[{\"@type\":\"ReadAction\",\"target\":[\"https:\\\/\\\/wfc2024.akiquebec.org\\\/how-to-get-there\\\/\"]}]},{\"@type\":\"BreadcrumbList\",\"@id\":\"https:\\\/\\\/wfc2024.akiquebec.org\\\/how-to-get-there\\\/#breadcrumb\",\"itemListElement\":[{\"@type\":\"ListItem\",\"position\":1,\"name\":\"Home\",\"item\":\"https:\\\/\\\/wfc2024.akiquebec.org\\\/\"},{\"@type\":\"ListItem\",\"position\":2,\"name\":\"How-to-get-there\"}]},{\"@type\":\"WebSite\",\"@id\":\"https:\\\/\\\/wfc2024.akiquebec.org\\\/#website\",\"url\":\"https:\\\/\\\/wfc2024.akiquebec.org\\\/\",\"name\":\"43rd IFPA WORLD FOOTBAG CHAMPIONSHIPS 2024\",\"description\":\"43rd IFPA WORLD FOOTBAG CHAMPIONSHIPS 2024\",\"potentialAction\":[{\"@type\":\"SearchAction\",\"target\":{\"@type\":\"EntryPoint\",\"urlTemplate\":\"https:\\\/\\\/wfc2024.akiquebec.org\\\/?s={search_term_string}\"},\"query-input\":{\"@type\":\"PropertyValueSpecification\",\"valueRequired\":true,\"valueName\":\"search_term_string\"}}],\"inLanguage\":\"fr-CA\"}]}<\/script>\n<!-- \/ Yoast SEO plugin. -->","yoast_head_json":{"title":"How-to-get-there - 43rd IFPA WORLD FOOTBAG CHAMPIONSHIPS 2024","robots":{"index":"index","follow":"follow","max-snippet":"max-snippet:-1","max-image-preview":"max-image-preview:large","max-video-preview":"max-video-preview:-1"},"canonical":"https:\/\/wfc2024.akiquebec.org\/fr\/how-to-get-there\/","og_locale":"fr_CA","og_type":"article","og_title":"How-to-get-there - 43rd IFPA WORLD FOOTBAG CHAMPIONSHIPS 2024","og_description":"How-to-get there From the airport you have 2 possibilities to get to the site event. \u2013 By bus.The 747 bus will get you to the city center for 11$, this is the cheapest solution and you\u2019ll have a 24hrs pass for anywhere in the city. Here the infos sites : http:\/\/www.stm.info\/english\/info\/a-747.htm http:\/\/www.admtl.com\/Passengers\/AccessAndParking\/STMBuses.aspx \u2013 Taxi, of [&hellip;]","og_url":"https:\/\/wfc2024.akiquebec.org\/fr\/how-to-get-there\/","og_site_name":"43rd IFPA WORLD FOOTBAG CHAMPIONSHIPS 2024","article_modified_time":"2024-06-07T22:49:20+00:00","twitter_card":"summary_large_image","schema":{"@context":"https:\/\/schema.org","@graph":[{"@type":"WebPage","@id":"https:\/\/wfc2024.akiquebec.org\/how-to-get-there\/","url":"https:\/\/wfc2024.akiquebec.org\/how-to-get-there\/","name":"How-to-get-there - 43rd IFPA WORLD FOOTBAG CHAMPIONSHIPS 2024","isPartOf":{"@id":"https:\/\/wfc2024.akiquebec.org\/#website"},"datePublished":"2024-01-23T16:35:45+00:00","dateModified":"2024-06-07T22:49:20+00:00","breadcrumb":{"@id":"https:\/\/wfc2024.akiquebec.org\/how-to-get-there\/#breadcrumb"},"inLanguage":"fr-CA","potentialAction":[{"@type":"ReadAction","target":["https:\/\/wfc2024.akiquebec.org\/how-to-get-there\/"]}]},{"@type":"BreadcrumbList","@id":"https:\/\/wfc2024.akiquebec.org\/how-to-get-there\/#breadcrumb","itemListElement":[{"@type":"ListItem","position":1,"name":"Home","item":"https:\/\/wfc2024.akiquebec.org\/"},{"@type":"ListItem","position":2,"name":"How-to-get-there"}]},{"@type":"WebSite","@id":"https:\/\/wfc2024.akiquebec.org\/#website","url":"https:\/\/wfc2024.akiquebec.org\/","name":"CHAMPIONNATS DU MONDE DE FOOTBAG 2024","description":"CHAMPIONNATS DU MONDE DE FOOTBAG 2024","potentialAction":[{"@type":"SearchAction","target":{"@type":"EntryPoint","urlTemplate":"https:\/\/wfc2024.akiquebec.org\/?s={search_term_string}"},"query-input":{"@type":"PropertyValueSpecification","valueRequired":true,"valueName":"search_term_string"}}],"inLanguage":"fr-CA"}]}},"_links":{"self":[{"href":"https:\/\/wfc2024.akiquebec.org\/fr\/wp-json\/wp\/v2\/pages\/65","targetHints":{"allow":["GET"]}}],"collection":[{"href":"https:\/\/wfc2024.akiquebec.org\/fr\/wp-json\/wp\/v2\/pages"}],"about":[{"href":"https:\/\/wfc2024.akiquebec.org\/fr\/wp-json\/wp\/v2\/types\/page"}],"author":[{"embeddable":true,"href":"https:\/\/wfc2024.akiquebec.org\/fr\/wp-json\/wp\/v2\/users\/2"}],"replies":[{"embeddable":true,"href":"https:\/\/wfc2024.akiquebec.org\/fr\/wp-json\/wp\/v2\/comments?post=65"}],"version-history":[{"count":5,"href":"https:\/\/wfc2024.akiquebec.org\/fr\/wp-json\/wp\/v2\/pages\/65\/revisions"}],"predecessor-version":[{"id":488,"href":"https:\/\/wfc2024.akiquebec.org\/fr\/wp-json\/wp\/v2\/pages\/65\/revisions\/488"}],"wp:attachment":[{"href":"https:\/\/wfc2024.akiquebec.org\/fr\/wp-json\/wp\/v2\/media?parent=65"}],"curies":[{"name":"wp","href":"https:\/\/api.w.org\/{rel}","templated":true}]}}