{"id":705,"date":"2024-07-28T15:46:45","date_gmt":"2024-07-28T15:46:45","guid":{"rendered":"https:\/\/wfc2024.akiquebec.org\/?page_id=705"},"modified":"2024-07-28T16:51:22","modified_gmt":"2024-07-28T16:51:22","slug":"party","status":"publish","type":"page","link":"https:\/\/wfc2024.akiquebec.org\/fr\/party\/","title":{"rendered":"Party"},"content":{"rendered":"<p class=\"has-text-align-center has-body-font-family has-large-font-size wp-block-paragraph\" style=\"text-transform:capitalize\"><strong>Party<\/strong><\/p>\n\n\n\n<pre id=\"tw-target-text\" class=\"wp-block-preformatted has-body-font-family\"><strong>Lundi:<\/strong>Mrs. Smith, 4061 Rue Ontario<br><br><strong>Mardi:<\/strong>Brasserie de L'Espace Public, 2287 Letourneux<br><br><strong>Mercredi:<\/strong>La Grenade, 1603 Rue Ontario<br><br><strong>Jeudi:<\/strong>\u00c9pluchette de Bl\u00e9 d'Inde dans le parc Lalancette, ensuite Pub\nL'Adversaire, 4303 rue Ste-Catherine Est<br><br><strong>Vendredi:<\/strong>Vid\u00e9o contest+Hall of fame+show de J\u00e9rome 50 au Chic Resto\nPop,3900 Rue Adam, ensuite Club P\u00e9licano, 1076 Rue de Bleury, #001<br><br><strong>Samedi:<\/strong>Podium et Remise de m\u00e9dailles \u00e0 la Station Hochelaga, 3844\nOntario Est, puis party au Sky, 1478 Ste-Catherine Est<\/pre>\n\n\n\n<div style=\"height:40px\" aria-hidden=\"true\" class=\"wp-block-spacer\"><\/div>\n\n\n\n<p class=\"wp-block-paragraph\">Voici une carte avec des couches pour les diff\u00e9rents lieux.<\/p>\n\n\n<div style=\"text-align:center;\">\n\n<iframe loading=\"lazy\" src=\"https:\/\/www.google.com\/maps\/d\/embed?mid=1kZbiZOtWxVO-T2gbTtdTwyHD93c&#038;ehbc=2E312F\" width=\"640\" height=\"480\"><\/iframe>\n<\/div>","protected":false},"excerpt":{"rendered":"<p>Party Monday: Mrs. Smith, 4061 Ontario StreetTuesday: Brasserie de L&#8217;Espace Public, 2287 LetourneuxWednesday: La Grenade, 1603 Ontario StreetThursday: Corn Roast in Lalancette Park, then Pub L&#8217;Adversaire, 4303 Ste-Catherine EastFriday: Video Contest + Hall of Fame + J\u00e9r\u00f4me 50 Show at Chic Resto Pop, 3900 Adam Street, then Club P\u00e9licano, 1076 Bleury Street, #001Saturday: Podium and [&hellip;]<\/p>\n","protected":false},"author":2,"featured_media":0,"parent":0,"menu_order":0,"comment_status":"closed","ping_status":"closed","template":"","meta":{"_crdt_document":"","footnotes":""},"class_list":["post-705","page","type-page","status-publish","hentry"],"yoast_head":"<!-- This site is optimized with the Yoast SEO plugin v27.6 - https:\/\/yoast.com\/product\/yoast-seo-wordpress\/ -->\n<title>Party - 43rd IFPA WORLD FOOTBAG CHAMPIONSHIPS 2024<\/title>\n<meta name=\"robots\" content=\"index, follow, max-snippet:-1, max-image-preview:large, max-video-preview:-1\" \/>\n<link rel=\"canonical\" href=\"https:\/\/wfc2024.akiquebec.org\/fr\/party\/\" \/>\n<meta property=\"og:locale\" content=\"fr_CA\" \/>\n<meta property=\"og:type\" content=\"article\" \/>\n<meta property=\"og:title\" content=\"Party - 43rd IFPA WORLD FOOTBAG CHAMPIONSHIPS 2024\" \/>\n<meta property=\"og:description\" content=\"Party Monday: Mrs. Smith, 4061 Ontario StreetTuesday: Brasserie de L&#039;Espace Public, 2287 LetourneuxWednesday: La Grenade, 1603 Ontario StreetThursday: Corn Roast in Lalancette Park, then Pub L&#039;Adversaire, 4303 Ste-Catherine EastFriday: Video Contest + Hall of Fame + J\u00e9r\u00f4me 50 Show at Chic Resto Pop, 3900 Adam Street, then Club P\u00e9licano, 1076 Bleury Street, #001Saturday: Podium and [&hellip;]\" \/>\n<meta property=\"og:url\" content=\"https:\/\/wfc2024.akiquebec.org\/fr\/party\/\" \/>\n<meta property=\"og:site_name\" content=\"43rd IFPA WORLD FOOTBAG CHAMPIONSHIPS 2024\" \/>\n<meta property=\"article:modified_time\" content=\"2024-07-28T16:51:22+00:00\" \/>\n<meta name=\"twitter:card\" content=\"summary_large_image\" \/>\n<script type=\"application\/ld+json\" class=\"yoast-schema-graph\">{\"@context\":\"https:\\\/\\\/schema.org\",\"@graph\":[{\"@type\":\"WebPage\",\"@id\":\"https:\\\/\\\/wfc2024.akiquebec.org\\\/party\\\/\",\"url\":\"https:\\\/\\\/wfc2024.akiquebec.org\\\/party\\\/\",\"name\":\"Party - 43rd IFPA WORLD FOOTBAG CHAMPIONSHIPS 2024\",\"isPartOf\":{\"@id\":\"https:\\\/\\\/wfc2024.akiquebec.org\\\/#website\"},\"datePublished\":\"2024-07-28T15:46:45+00:00\",\"dateModified\":\"2024-07-28T16:51:22+00:00\",\"breadcrumb\":{\"@id\":\"https:\\\/\\\/wfc2024.akiquebec.org\\\/party\\\/#breadcrumb\"},\"inLanguage\":\"fr-CA\",\"potentialAction\":[{\"@type\":\"ReadAction\",\"target\":[\"https:\\\/\\\/wfc2024.akiquebec.org\\\/party\\\/\"]}]},{\"@type\":\"BreadcrumbList\",\"@id\":\"https:\\\/\\\/wfc2024.akiquebec.org\\\/party\\\/#breadcrumb\",\"itemListElement\":[{\"@type\":\"ListItem\",\"position\":1,\"name\":\"Home\",\"item\":\"https:\\\/\\\/wfc2024.akiquebec.org\\\/\"},{\"@type\":\"ListItem\",\"position\":2,\"name\":\"Party\"}]},{\"@type\":\"WebSite\",\"@id\":\"https:\\\/\\\/wfc2024.akiquebec.org\\\/#website\",\"url\":\"https:\\\/\\\/wfc2024.akiquebec.org\\\/\",\"name\":\"43rd IFPA WORLD FOOTBAG CHAMPIONSHIPS 2024\",\"description\":\"43rd IFPA WORLD FOOTBAG CHAMPIONSHIPS 2024\",\"potentialAction\":[{\"@type\":\"SearchAction\",\"target\":{\"@type\":\"EntryPoint\",\"urlTemplate\":\"https:\\\/\\\/wfc2024.akiquebec.org\\\/?s={search_term_string}\"},\"query-input\":{\"@type\":\"PropertyValueSpecification\",\"valueRequired\":true,\"valueName\":\"search_term_string\"}}],\"inLanguage\":\"fr-CA\"}]}<\/script>\n<!-- \/ Yoast SEO plugin. -->","yoast_head_json":{"title":"Party - 43rd IFPA WORLD FOOTBAG CHAMPIONSHIPS 2024","robots":{"index":"index","follow":"follow","max-snippet":"max-snippet:-1","max-image-preview":"max-image-preview:large","max-video-preview":"max-video-preview:-1"},"canonical":"https:\/\/wfc2024.akiquebec.org\/fr\/party\/","og_locale":"fr_CA","og_type":"article","og_title":"Party - 43rd IFPA WORLD FOOTBAG CHAMPIONSHIPS 2024","og_description":"Party Monday: Mrs. Smith, 4061 Ontario StreetTuesday: Brasserie de L'Espace Public, 2287 LetourneuxWednesday: La Grenade, 1603 Ontario StreetThursday: Corn Roast in Lalancette Park, then Pub L'Adversaire, 4303 Ste-Catherine EastFriday: Video Contest + Hall of Fame + J\u00e9r\u00f4me 50 Show at Chic Resto Pop, 3900 Adam Street, then Club P\u00e9licano, 1076 Bleury Street, #001Saturday: Podium and [&hellip;]","og_url":"https:\/\/wfc2024.akiquebec.org\/fr\/party\/","og_site_name":"43rd IFPA WORLD FOOTBAG CHAMPIONSHIPS 2024","article_modified_time":"2024-07-28T16:51:22+00:00","twitter_card":"summary_large_image","schema":{"@context":"https:\/\/schema.org","@graph":[{"@type":"WebPage","@id":"https:\/\/wfc2024.akiquebec.org\/party\/","url":"https:\/\/wfc2024.akiquebec.org\/party\/","name":"Party - 43rd IFPA WORLD FOOTBAG CHAMPIONSHIPS 2024","isPartOf":{"@id":"https:\/\/wfc2024.akiquebec.org\/#website"},"datePublished":"2024-07-28T15:46:45+00:00","dateModified":"2024-07-28T16:51:22+00:00","breadcrumb":{"@id":"https:\/\/wfc2024.akiquebec.org\/party\/#breadcrumb"},"inLanguage":"fr-CA","potentialAction":[{"@type":"ReadAction","target":["https:\/\/wfc2024.akiquebec.org\/party\/"]}]},{"@type":"BreadcrumbList","@id":"https:\/\/wfc2024.akiquebec.org\/party\/#breadcrumb","itemListElement":[{"@type":"ListItem","position":1,"name":"Home","item":"https:\/\/wfc2024.akiquebec.org\/"},{"@type":"ListItem","position":2,"name":"Party"}]},{"@type":"WebSite","@id":"https:\/\/wfc2024.akiquebec.org\/#website","url":"https:\/\/wfc2024.akiquebec.org\/","name":"CHAMPIONNATS DU MONDE DE FOOTBAG 2024","description":"CHAMPIONNATS DU MONDE DE FOOTBAG 2024","potentialAction":[{"@type":"SearchAction","target":{"@type":"EntryPoint","urlTemplate":"https:\/\/wfc2024.akiquebec.org\/?s={search_term_string}"},"query-input":{"@type":"PropertyValueSpecification","valueRequired":true,"valueName":"search_term_string"}}],"inLanguage":"fr-CA"}]}},"_links":{"self":[{"href":"https:\/\/wfc2024.akiquebec.org\/fr\/wp-json\/wp\/v2\/pages\/705","targetHints":{"allow":["GET"]}}],"collection":[{"href":"https:\/\/wfc2024.akiquebec.org\/fr\/wp-json\/wp\/v2\/pages"}],"about":[{"href":"https:\/\/wfc2024.akiquebec.org\/fr\/wp-json\/wp\/v2\/types\/page"}],"author":[{"embeddable":true,"href":"https:\/\/wfc2024.akiquebec.org\/fr\/wp-json\/wp\/v2\/users\/2"}],"replies":[{"embeddable":true,"href":"https:\/\/wfc2024.akiquebec.org\/fr\/wp-json\/wp\/v2\/comments?post=705"}],"version-history":[{"count":5,"href":"https:\/\/wfc2024.akiquebec.org\/fr\/wp-json\/wp\/v2\/pages\/705\/revisions"}],"predecessor-version":[{"id":711,"href":"https:\/\/wfc2024.akiquebec.org\/fr\/wp-json\/wp\/v2\/pages\/705\/revisions\/711"}],"wp:attachment":[{"href":"https:\/\/wfc2024.akiquebec.org\/fr\/wp-json\/wp\/v2\/media?parent=705"}],"curies":[{"name":"wp","href":"https:\/\/api.w.org\/{rel}","templated":true}]}}