{"id":89,"date":"2024-01-23T13:19:57","date_gmt":"2024-01-23T18:19:57","guid":{"rendered":"https:\/\/akiquebec.wordpress.com\/?page_id=89"},"modified":"2024-06-30T17:39:43","modified_gmt":"2024-06-30T17:39:43","slug":"registration","status":"publish","type":"page","link":"https:\/\/wfc2024.akiquebec.org\/fr\/registration\/","title":{"rendered":"Inscription"},"content":{"rendered":"<p class=\"has-text-align-center has-body-font-family has-large-font-size wp-block-paragraph\" style=\"text-transform:capitalize\"><strong>Inscription<\/strong><\/p>\n\n\n\n<pre id=\"tw-target-text\" class=\"wp-block-preformatted has-body-font-family\">Si vous souhaitez participer au tournoi, ou si vous \u00eates un spectateur souhaitant nous aider, vous devez vous inscrire et payer avant le 22 juillet 2024 ! Veuillez utiliser le syst\u00e8me d'inscription en ligne sur footbag.org ; le lien est ci-dessous.<\/pre>\n\n\n\n<p class=\"wp-block-paragraph\">S\u2019il vous pla\u00eet inscrivez vous aussit\u00f4t que pos\u00adsi\u00adble. \u00c7a nous aidera \u00e9norm\u00e9ment.<\/p>\n\n\n\n<p class=\"wp-block-paragraph\">Lien :\u00a0<a href=\"http:\/\/www.footbag.org\/events\/show\/1706036811\">http:\/\/www.footbag.org\/events\/show\/1706036811<\/a><\/p>","protected":false},"excerpt":{"rendered":"<p>Registration If you want to participate in the tournament, or you are just a spectator who want to help us, you must register and pay by July 22, 2024! Please use the online registration system at footbag.org; the link is below. Please register as soon as possible. It will help us enormously. Link :\u00a0http:\/\/www.footbag.org\/events\/show\/1706036811<\/p>","protected":false},"author":2,"featured_media":0,"parent":0,"menu_order":0,"comment_status":"closed","ping_status":"closed","template":"","meta":{"_crdt_document":"","footnotes":""},"class_list":["post-89","page","type-page","status-publish","hentry"],"yoast_head":"<!-- This site is optimized with the Yoast SEO plugin v27.6 - https:\/\/yoast.com\/product\/yoast-seo-wordpress\/ -->\n<title>Registration - 43rd IFPA WORLD FOOTBAG CHAMPIONSHIPS 2024<\/title>\n<meta name=\"robots\" content=\"index, follow, max-snippet:-1, max-image-preview:large, max-video-preview:-1\" \/>\n<link rel=\"canonical\" href=\"https:\/\/wfc2024.akiquebec.org\/fr\/registration\/\" \/>\n<meta property=\"og:locale\" content=\"fr_CA\" \/>\n<meta property=\"og:type\" content=\"article\" \/>\n<meta property=\"og:title\" content=\"Registration - 43rd IFPA WORLD FOOTBAG CHAMPIONSHIPS 2024\" \/>\n<meta property=\"og:description\" content=\"Registration If you want to participate in the tournament, or you are just a spectator who want to help us, you must register and pay by July 22, 2024! Please use the online registration system at footbag.org; the link is below. Please register as soon as possible. It will help us enormously. Link :\u00a0http:\/\/www.footbag.org\/events\/show\/1706036811\" \/>\n<meta property=\"og:url\" content=\"https:\/\/wfc2024.akiquebec.org\/fr\/registration\/\" \/>\n<meta property=\"og:site_name\" content=\"43rd IFPA WORLD FOOTBAG CHAMPIONSHIPS 2024\" \/>\n<meta property=\"article:modified_time\" content=\"2024-06-30T17:39:43+00:00\" \/>\n<meta name=\"twitter:card\" content=\"summary_large_image\" \/>\n<meta name=\"twitter:label1\" content=\"Estimation du temps de lecture\" \/>\n\t<meta name=\"twitter:data1\" content=\"1 minute\" \/>\n<script type=\"application\/ld+json\" class=\"yoast-schema-graph\">{\"@context\":\"https:\\\/\\\/schema.org\",\"@graph\":[{\"@type\":\"WebPage\",\"@id\":\"https:\\\/\\\/wfc2024.akiquebec.org\\\/registration\\\/\",\"url\":\"https:\\\/\\\/wfc2024.akiquebec.org\\\/registration\\\/\",\"name\":\"Registration - 43rd IFPA WORLD FOOTBAG CHAMPIONSHIPS 2024\",\"isPartOf\":{\"@id\":\"https:\\\/\\\/wfc2024.akiquebec.org\\\/#website\"},\"datePublished\":\"2024-01-23T18:19:57+00:00\",\"dateModified\":\"2024-06-30T17:39:43+00:00\",\"breadcrumb\":{\"@id\":\"https:\\\/\\\/wfc2024.akiquebec.org\\\/registration\\\/#breadcrumb\"},\"inLanguage\":\"fr-CA\",\"potentialAction\":[{\"@type\":\"ReadAction\",\"target\":[\"https:\\\/\\\/wfc2024.akiquebec.org\\\/registration\\\/\"]}]},{\"@type\":\"BreadcrumbList\",\"@id\":\"https:\\\/\\\/wfc2024.akiquebec.org\\\/registration\\\/#breadcrumb\",\"itemListElement\":[{\"@type\":\"ListItem\",\"position\":1,\"name\":\"Home\",\"item\":\"https:\\\/\\\/wfc2024.akiquebec.org\\\/\"},{\"@type\":\"ListItem\",\"position\":2,\"name\":\"Registration\"}]},{\"@type\":\"WebSite\",\"@id\":\"https:\\\/\\\/wfc2024.akiquebec.org\\\/#website\",\"url\":\"https:\\\/\\\/wfc2024.akiquebec.org\\\/\",\"name\":\"43rd IFPA WORLD FOOTBAG CHAMPIONSHIPS 2024\",\"description\":\"43rd IFPA WORLD FOOTBAG CHAMPIONSHIPS 2024\",\"potentialAction\":[{\"@type\":\"SearchAction\",\"target\":{\"@type\":\"EntryPoint\",\"urlTemplate\":\"https:\\\/\\\/wfc2024.akiquebec.org\\\/?s={search_term_string}\"},\"query-input\":{\"@type\":\"PropertyValueSpecification\",\"valueRequired\":true,\"valueName\":\"search_term_string\"}}],\"inLanguage\":\"fr-CA\"}]}<\/script>\n<!-- \/ Yoast SEO plugin. -->","yoast_head_json":{"title":"Registration - 43rd IFPA WORLD FOOTBAG CHAMPIONSHIPS 2024","robots":{"index":"index","follow":"follow","max-snippet":"max-snippet:-1","max-image-preview":"max-image-preview:large","max-video-preview":"max-video-preview:-1"},"canonical":"https:\/\/wfc2024.akiquebec.org\/fr\/registration\/","og_locale":"fr_CA","og_type":"article","og_title":"Registration - 43rd IFPA WORLD FOOTBAG CHAMPIONSHIPS 2024","og_description":"Registration If you want to participate in the tournament, or you are just a spectator who want to help us, you must register and pay by July 22, 2024! Please use the online registration system at footbag.org; the link is below. Please register as soon as possible. It will help us enormously. Link :\u00a0http:\/\/www.footbag.org\/events\/show\/1706036811","og_url":"https:\/\/wfc2024.akiquebec.org\/fr\/registration\/","og_site_name":"43rd IFPA WORLD FOOTBAG CHAMPIONSHIPS 2024","article_modified_time":"2024-06-30T17:39:43+00:00","twitter_card":"summary_large_image","twitter_misc":{"Estimation du temps de lecture":"1 minute"},"schema":{"@context":"https:\/\/schema.org","@graph":[{"@type":"WebPage","@id":"https:\/\/wfc2024.akiquebec.org\/registration\/","url":"https:\/\/wfc2024.akiquebec.org\/registration\/","name":"Registration - 43rd IFPA WORLD FOOTBAG CHAMPIONSHIPS 2024","isPartOf":{"@id":"https:\/\/wfc2024.akiquebec.org\/#website"},"datePublished":"2024-01-23T18:19:57+00:00","dateModified":"2024-06-30T17:39:43+00:00","breadcrumb":{"@id":"https:\/\/wfc2024.akiquebec.org\/registration\/#breadcrumb"},"inLanguage":"fr-CA","potentialAction":[{"@type":"ReadAction","target":["https:\/\/wfc2024.akiquebec.org\/registration\/"]}]},{"@type":"BreadcrumbList","@id":"https:\/\/wfc2024.akiquebec.org\/registration\/#breadcrumb","itemListElement":[{"@type":"ListItem","position":1,"name":"Home","item":"https:\/\/wfc2024.akiquebec.org\/"},{"@type":"ListItem","position":2,"name":"Registration"}]},{"@type":"WebSite","@id":"https:\/\/wfc2024.akiquebec.org\/#website","url":"https:\/\/wfc2024.akiquebec.org\/","name":"CHAMPIONNATS DU MONDE DE FOOTBAG 2024","description":"CHAMPIONNATS DU MONDE DE FOOTBAG 2024","potentialAction":[{"@type":"SearchAction","target":{"@type":"EntryPoint","urlTemplate":"https:\/\/wfc2024.akiquebec.org\/?s={search_term_string}"},"query-input":{"@type":"PropertyValueSpecification","valueRequired":true,"valueName":"search_term_string"}}],"inLanguage":"fr-CA"}]}},"_links":{"self":[{"href":"https:\/\/wfc2024.akiquebec.org\/fr\/wp-json\/wp\/v2\/pages\/89","targetHints":{"allow":["GET"]}}],"collection":[{"href":"https:\/\/wfc2024.akiquebec.org\/fr\/wp-json\/wp\/v2\/pages"}],"about":[{"href":"https:\/\/wfc2024.akiquebec.org\/fr\/wp-json\/wp\/v2\/types\/page"}],"author":[{"embeddable":true,"href":"https:\/\/wfc2024.akiquebec.org\/fr\/wp-json\/wp\/v2\/users\/2"}],"replies":[{"embeddable":true,"href":"https:\/\/wfc2024.akiquebec.org\/fr\/wp-json\/wp\/v2\/comments?post=89"}],"version-history":[{"count":5,"href":"https:\/\/wfc2024.akiquebec.org\/fr\/wp-json\/wp\/v2\/pages\/89\/revisions"}],"predecessor-version":[{"id":486,"href":"https:\/\/wfc2024.akiquebec.org\/fr\/wp-json\/wp\/v2\/pages\/89\/revisions\/486"}],"wp:attachment":[{"href":"https:\/\/wfc2024.akiquebec.org\/fr\/wp-json\/wp\/v2\/media?parent=89"}],"curies":[{"name":"wp","href":"https:\/\/api.w.org\/{rel}","templated":true}]}}