{"id":90,"date":"2024-01-23T13:17:31","date_gmt":"2024-01-23T18:17:31","guid":{"rendered":"https:\/\/akiquebec.wordpress.com\/?page_id=90"},"modified":"2024-06-08T15:50:56","modified_gmt":"2024-06-08T15:50:56","slug":"check-in","status":"publish","type":"page","link":"https:\/\/wfc2024.akiquebec.org\/fr\/check-in\/","title":{"rendered":"Check-in"},"content":{"rendered":"<p class=\"has-text-align-center has-large-font-size wp-block-paragraph\"><strong>Check-in<\/strong><\/p>\n\n\n\n<p class=\"wp-block-paragraph\">Lundi matin le 29 juillet, tout le monde est convi\u00e9 \u00e0 se rassembler dans le parc Lalancette pour compl\u00e9ter leur inscription.&nbsp;<\/p>\n\n\n\n<p class=\"wp-block-paragraph\">Les matchs de footbag net se joueront dans ce parc. Les comp\u00e9titions de footbag freestyle d\u00e9buteront tout pr\u00e8s sur l'Esplanade du Stade Olympique.<\/p>","protected":false},"excerpt":{"rendered":"<p>Check-in On Monday morning July 29th, everybody is invited to gather in Park Lalancette to check-in with their registration.&nbsp; The Net events will be held in this park. Freestyle events will begin nearby on the Esplanade of the Olympic Stadium.<\/p>","protected":false},"author":2,"featured_media":0,"parent":0,"menu_order":0,"comment_status":"closed","ping_status":"closed","template":"","meta":{"_crdt_document":"","footnotes":""},"class_list":["post-90","page","type-page","status-publish","hentry"],"yoast_head":"<!-- This site is optimized with the Yoast SEO plugin v27.6 - https:\/\/yoast.com\/product\/yoast-seo-wordpress\/ -->\n<title>Check-in - 43rd IFPA WORLD FOOTBAG CHAMPIONSHIPS 2024<\/title>\n<meta name=\"robots\" content=\"index, follow, max-snippet:-1, max-image-preview:large, max-video-preview:-1\" \/>\n<link rel=\"canonical\" href=\"https:\/\/wfc2024.akiquebec.org\/fr\/check-in\/\" \/>\n<meta property=\"og:locale\" content=\"fr_CA\" \/>\n<meta property=\"og:type\" content=\"article\" \/>\n<meta property=\"og:title\" content=\"Check-in - 43rd IFPA WORLD FOOTBAG CHAMPIONSHIPS 2024\" \/>\n<meta property=\"og:description\" content=\"Check-in On Monday morning July 29th, everybody is invited to gather in Park Lalancette to check-in with their registration.&nbsp; The Net events will be held in this park. Freestyle events will begin nearby on the Esplanade of the Olympic Stadium.\" \/>\n<meta property=\"og:url\" content=\"https:\/\/wfc2024.akiquebec.org\/fr\/check-in\/\" \/>\n<meta property=\"og:site_name\" content=\"43rd IFPA WORLD FOOTBAG CHAMPIONSHIPS 2024\" \/>\n<meta property=\"article:modified_time\" content=\"2024-06-08T15:50:56+00:00\" \/>\n<meta name=\"twitter:card\" content=\"summary_large_image\" \/>\n<script type=\"application\/ld+json\" class=\"yoast-schema-graph\">{\"@context\":\"https:\\\/\\\/schema.org\",\"@graph\":[{\"@type\":\"WebPage\",\"@id\":\"https:\\\/\\\/wfc2024.akiquebec.org\\\/check-in\\\/\",\"url\":\"https:\\\/\\\/wfc2024.akiquebec.org\\\/check-in\\\/\",\"name\":\"Check-in - 43rd IFPA WORLD FOOTBAG CHAMPIONSHIPS 2024\",\"isPartOf\":{\"@id\":\"https:\\\/\\\/wfc2024.akiquebec.org\\\/#website\"},\"datePublished\":\"2024-01-23T18:17:31+00:00\",\"dateModified\":\"2024-06-08T15:50:56+00:00\",\"breadcrumb\":{\"@id\":\"https:\\\/\\\/wfc2024.akiquebec.org\\\/check-in\\\/#breadcrumb\"},\"inLanguage\":\"fr-CA\",\"potentialAction\":[{\"@type\":\"ReadAction\",\"target\":[\"https:\\\/\\\/wfc2024.akiquebec.org\\\/check-in\\\/\"]}]},{\"@type\":\"BreadcrumbList\",\"@id\":\"https:\\\/\\\/wfc2024.akiquebec.org\\\/check-in\\\/#breadcrumb\",\"itemListElement\":[{\"@type\":\"ListItem\",\"position\":1,\"name\":\"Home\",\"item\":\"https:\\\/\\\/wfc2024.akiquebec.org\\\/\"},{\"@type\":\"ListItem\",\"position\":2,\"name\":\"Check-in\"}]},{\"@type\":\"WebSite\",\"@id\":\"https:\\\/\\\/wfc2024.akiquebec.org\\\/#website\",\"url\":\"https:\\\/\\\/wfc2024.akiquebec.org\\\/\",\"name\":\"43rd IFPA WORLD FOOTBAG CHAMPIONSHIPS 2024\",\"description\":\"43rd IFPA WORLD FOOTBAG CHAMPIONSHIPS 2024\",\"potentialAction\":[{\"@type\":\"SearchAction\",\"target\":{\"@type\":\"EntryPoint\",\"urlTemplate\":\"https:\\\/\\\/wfc2024.akiquebec.org\\\/?s={search_term_string}\"},\"query-input\":{\"@type\":\"PropertyValueSpecification\",\"valueRequired\":true,\"valueName\":\"search_term_string\"}}],\"inLanguage\":\"fr-CA\"}]}<\/script>\n<!-- \/ Yoast SEO plugin. -->","yoast_head_json":{"title":"Check-in - 43rd IFPA WORLD FOOTBAG CHAMPIONSHIPS 2024","robots":{"index":"index","follow":"follow","max-snippet":"max-snippet:-1","max-image-preview":"max-image-preview:large","max-video-preview":"max-video-preview:-1"},"canonical":"https:\/\/wfc2024.akiquebec.org\/fr\/check-in\/","og_locale":"fr_CA","og_type":"article","og_title":"Check-in - 43rd IFPA WORLD FOOTBAG CHAMPIONSHIPS 2024","og_description":"Check-in On Monday morning July 29th, everybody is invited to gather in Park Lalancette to check-in with their registration.&nbsp; The Net events will be held in this park. Freestyle events will begin nearby on the Esplanade of the Olympic Stadium.","og_url":"https:\/\/wfc2024.akiquebec.org\/fr\/check-in\/","og_site_name":"43rd IFPA WORLD FOOTBAG CHAMPIONSHIPS 2024","article_modified_time":"2024-06-08T15:50:56+00:00","twitter_card":"summary_large_image","schema":{"@context":"https:\/\/schema.org","@graph":[{"@type":"WebPage","@id":"https:\/\/wfc2024.akiquebec.org\/check-in\/","url":"https:\/\/wfc2024.akiquebec.org\/check-in\/","name":"Check-in - 43rd IFPA WORLD FOOTBAG CHAMPIONSHIPS 2024","isPartOf":{"@id":"https:\/\/wfc2024.akiquebec.org\/#website"},"datePublished":"2024-01-23T18:17:31+00:00","dateModified":"2024-06-08T15:50:56+00:00","breadcrumb":{"@id":"https:\/\/wfc2024.akiquebec.org\/check-in\/#breadcrumb"},"inLanguage":"fr-CA","potentialAction":[{"@type":"ReadAction","target":["https:\/\/wfc2024.akiquebec.org\/check-in\/"]}]},{"@type":"BreadcrumbList","@id":"https:\/\/wfc2024.akiquebec.org\/check-in\/#breadcrumb","itemListElement":[{"@type":"ListItem","position":1,"name":"Home","item":"https:\/\/wfc2024.akiquebec.org\/"},{"@type":"ListItem","position":2,"name":"Check-in"}]},{"@type":"WebSite","@id":"https:\/\/wfc2024.akiquebec.org\/#website","url":"https:\/\/wfc2024.akiquebec.org\/","name":"CHAMPIONNATS DU MONDE DE FOOTBAG 2024","description":"CHAMPIONNATS DU MONDE DE FOOTBAG 2024","potentialAction":[{"@type":"SearchAction","target":{"@type":"EntryPoint","urlTemplate":"https:\/\/wfc2024.akiquebec.org\/?s={search_term_string}"},"query-input":{"@type":"PropertyValueSpecification","valueRequired":true,"valueName":"search_term_string"}}],"inLanguage":"fr-CA"}]}},"_links":{"self":[{"href":"https:\/\/wfc2024.akiquebec.org\/fr\/wp-json\/wp\/v2\/pages\/90","targetHints":{"allow":["GET"]}}],"collection":[{"href":"https:\/\/wfc2024.akiquebec.org\/fr\/wp-json\/wp\/v2\/pages"}],"about":[{"href":"https:\/\/wfc2024.akiquebec.org\/fr\/wp-json\/wp\/v2\/types\/page"}],"author":[{"embeddable":true,"href":"https:\/\/wfc2024.akiquebec.org\/fr\/wp-json\/wp\/v2\/users\/2"}],"replies":[{"embeddable":true,"href":"https:\/\/wfc2024.akiquebec.org\/fr\/wp-json\/wp\/v2\/comments?post=90"}],"version-history":[{"count":4,"href":"https:\/\/wfc2024.akiquebec.org\/fr\/wp-json\/wp\/v2\/pages\/90\/revisions"}],"predecessor-version":[{"id":492,"href":"https:\/\/wfc2024.akiquebec.org\/fr\/wp-json\/wp\/v2\/pages\/90\/revisions\/492"}],"wp:attachment":[{"href":"https:\/\/wfc2024.akiquebec.org\/fr\/wp-json\/wp\/v2\/media?parent=90"}],"curies":[{"name":"wp","href":"https:\/\/api.w.org\/{rel}","templated":true}]}}